{"id":12,"date":"2024-10-14T06:11:12","date_gmt":"2024-10-14T06:11:12","guid":{"rendered":"https:\/\/www.paragonix-earn.pro\/?page_id=12"},"modified":"2025-05-12T07:54:08","modified_gmt":"2025-05-12T07:54:08","slug":"sobre-nosotros","status":"publish","type":"page","link":"https:\/\/www.paragonix-earn.pro\/py\/about-us\/","title":{"rendered":"Sobre nosotros"},"content":{"rendered":"<div data-elementor-type=\"wp-page\" data-elementor-id=\"12\" class=\"elementor elementor-12\" data-elementor-post-type=\"page\">\n\t\t\t\t<div class=\"elementor-element elementor-element-96797fc e-flex e-con-boxed e-con e-parent\" data-id=\"96797fc\" data-element_type=\"container\" data-e-type=\"container\">\n\t\t\t\t\t<div class=\"e-con-inner\">\n\t\t\t\t<div class=\"elementor-element elementor-element-6336eca elementor-widget elementor-widget-heading\" data-id=\"6336eca\" data-element_type=\"widget\" data-e-type=\"widget\" data-widget_type=\"heading.default\">\n\t\t\t\t\t<h1 class=\"elementor-heading-title elementor-size-default\"><span style=\"color: black\"> Acerca de <\/span>Paragonix Earn<\/h1>\t\t\t\t<\/div>\n\t\t\t\t<div class=\"elementor-element elementor-element-fa4d4b3 elementor-widget elementor-widget-image\" data-id=\"fa4d4b3\" data-element_type=\"widget\" data-e-type=\"widget\" data-widget_type=\"image.default\">\n\t\t\t\t\t\t\t\t\t\t\t\t\t\t\t<img fetchpriority=\"high\" decoding=\"async\" width=\"660\" height=\"440\" src=\"https:\/\/www.paragonix-earn.pro\/wp-content\/uploads\/2024\/10\/About-paragonix-earn.webp\" class=\"attachment-full size-full wp-image-319\" alt=\"Paragonix Earn Investment\" srcset=\"https:\/\/www.paragonix-earn.pro\/wp-content\/uploads\/2024\/10\/About-paragonix-earn.webp 660w, https:\/\/www.paragonix-earn.pro\/wp-content\/uploads\/2024\/10\/About-paragonix-earn-300x200.webp 300w\" sizes=\"(max-width: 660px) 100vw, 660px\" \/>\t\t\t\t\t\t\t\t\t\t\t\t\t\t\t<\/div>\n\t\t\t\t\t<\/div>\n\t\t\t\t<\/div>\n\t\t<div class=\"elementor-element elementor-element-d012534 e-flex e-con-boxed e-con e-parent\" data-id=\"d012534\" data-element_type=\"container\" data-e-type=\"container\">\n\t\t\t\t\t<div class=\"e-con-inner\">\n\t\t<div class=\"elementor-element elementor-element-350f933 e-con-full e-flex e-con e-child\" data-id=\"350f933\" data-element_type=\"container\" data-e-type=\"container\">\n\t\t\t\t<div class=\"elementor-element elementor-element-313340b elementor-widget elementor-widget-heading\" data-id=\"313340b\" data-element_type=\"widget\" data-e-type=\"widget\" data-widget_type=\"heading.default\">\n\t\t\t\t\t<h2 class=\"elementor-heading-title elementor-size-default\"><span style=\"color: black\"> El comienzo de <\/span>Paragonix Earn<\/h2>\t\t\t\t<\/div>\n\t\t\t\t<div class=\"elementor-element elementor-element-0bbd604 elementor-widget__width-initial elementor-widget-tablet__width-initial elementor-widget-mobile__width-initial elementor-widget elementor-widget-text-editor\" data-id=\"0bbd604\" data-element_type=\"widget\" data-e-type=\"widget\" data-widget_type=\"text-editor.default\">\n\t\t\t\t\t\t\t\t\t<p>En Paragonix Earn siempre nos hemos considerado pioneros en el campo de las monedas digitales y nuestro grupo le ofrece una plataforma que funciona de forma \u00fanica respecto al resto.<\/p>\t\t\t\t\t\t\t\t<\/div>\n\t\t\t\t<\/div>\n\t\t<div class=\"elementor-element elementor-element-4b52055 e-con-full e-flex e-con e-child\" data-id=\"4b52055\" data-element_type=\"container\" data-e-type=\"container\">\n\t\t\t\t<div class=\"elementor-element elementor-element-399e9c7 elementor-widget elementor-widget-text-editor\" data-id=\"399e9c7\" data-element_type=\"widget\" data-e-type=\"widget\" data-widget_type=\"text-editor.default\">\n\t\t\t\t\t\t\t\t\t<p>Quer\u00edamos cerrar una brecha en el mercado y permitir que cualquiera pudiera comerciar con monedas digitales, por lo que nos propusimos construir nuestra plataforma. Adem\u00e1s de crear Paragonix Earn, somos fervientes partidarios de las tecnolog\u00edas de cadena de bloques y de monedas digitales. Nuestro objetivo es ser parte del movimiento que realmente cambiar\u00e1 el mundo alg\u00fan d\u00eda.<\/p><p>Consideramos que, en el futuro, el comercio de monedas digitales se realizar\u00e1 principalmente en l\u00ednea, dada la situaci\u00f3n del mercado y sus cambios recientes. Estamos poniendo mucho esfuerzo en garantizar que la moneda digital se desarrolle y gane valor para todos.<\/p>\t\t\t\t\t\t\t\t<\/div>\n\t\t\t\t<\/div>\n\t\t\t\t\t<\/div>\n\t\t\t\t<\/div>\n\t\t<div class=\"elementor-element elementor-element-a38049d e-flex e-con-boxed e-con e-parent\" data-id=\"a38049d\" data-element_type=\"container\" data-e-type=\"container\" data-settings=\"{&quot;background_background&quot;:&quot;classic&quot;}\">\n\t\t\t\t\t<div class=\"e-con-inner\">\n\t\t<div class=\"elementor-element elementor-element-def838b e-con-full e-flex e-con e-child\" data-id=\"def838b\" data-element_type=\"container\" data-e-type=\"container\">\n\t\t\t\t<div class=\"elementor-element elementor-element-34de1c9 elementor-widget elementor-widget-heading\" data-id=\"34de1c9\" data-element_type=\"widget\" data-e-type=\"widget\" data-widget_type=\"heading.default\">\n\t\t\t\t\t<h2 class=\"elementor-heading-title elementor-size-default\">El futuro parece brillante<\/h2>\t\t\t\t<\/div>\n\t\t\t\t<div class=\"elementor-element elementor-element-c892484 elementor-widget__width-initial elementor-widget-tablet__width-initial elementor-widget-mobile__width-initial elementor-widget elementor-widget-text-editor\" data-id=\"c892484\" data-element_type=\"widget\" data-e-type=\"widget\" data-widget_type=\"text-editor.default\">\n\t\t\t\t\t\t\t\t\t<p>En Paragonix Earn creemos que el futuro es prometedor en este momento. Nos complace informar que la plataforma que creamos ha ganado mucha popularidad y que nuestros esfuerzos han dado sus frutos. Nuestro grupo est\u00e1 ansioso por descubrir qu\u00e9 vendr\u00e1 despu\u00e9s.<\/p>\t\t\t\t\t\t\t\t<\/div>\n\t\t\t\t<div class=\"elementor-element elementor-element-58b3594 elementor-widget elementor-widget-text-editor\" data-id=\"58b3594\" data-element_type=\"widget\" data-e-type=\"widget\" data-widget_type=\"text-editor.default\">\n\t\t\t\t\t\t\t\t\t<p>Ampliar la educaci\u00f3n sobre las monedas digitales es uno de nuestros objetivos para que los operadores puedan tomar decisiones m\u00e1s informadas. Esto es especialmente cierto para los reci\u00e9n llegados, ya que nuestro objetivo es verlos prosperar en el campo de las monedas digitales.<\/p><p>Ampliar la educaci\u00f3n sobre las monedas digitales es uno de nuestros objetivos para que los operadores puedan tomar decisiones m\u00e1s informadas. Esto es especialmente cierto para los reci\u00e9n llegados, ya que nuestro objetivo es verlos prosperar en el campo de las monedas digitales.<\/p><p>A nivel mundial, Bitcoin se est\u00e1 volviendo cada vez m\u00e1s popular y ser\u00eda un honor para nosotros estar entre las empresas que impulsan esta transformaci\u00f3n. Nuestro objetivo es convertirnos en el sitio al que todos acudan para observar el movimiento y realizar transacciones rentables.<\/p>\t\t\t\t\t\t\t\t<\/div>\n\t\t\t\t<\/div>\n\t\t<div class=\"elementor-element elementor-element-bec3da5 e-con-full e-flex e-con e-child\" data-id=\"bec3da5\" data-element_type=\"container\" data-e-type=\"container\" data-settings=\"{&quot;background_background&quot;:&quot;classic&quot;}\">\n\t\t\t\t<div class=\"elementor-element elementor-element-522bfb6 elementor-widget elementor-widget-spacer\" data-id=\"522bfb6\" data-element_type=\"widget\" data-e-type=\"widget\" data-widget_type=\"spacer.default\">\n\t\t\t\t\t\t\t<div class=\"elementor-spacer\">\n\t\t\t<div class=\"elementor-spacer-inner\"><\/div>\n\t\t<\/div>\n\t\t\t\t\t\t<\/div>\n\t\t\t\t<\/div>\n\t\t\t\t\t<\/div>\n\t\t\t\t<\/div>\n\t\t<div class=\"elementor-element elementor-element-bfdea66 e-flex e-con-boxed e-con e-parent\" data-id=\"bfdea66\" data-element_type=\"container\" data-e-type=\"container\">\n\t\t\t\t\t<div class=\"e-con-inner\">\n\t\t\t\t<div class=\"elementor-element elementor-element-5bb6b0f elementor-widget elementor-widget-heading\" data-id=\"5bb6b0f\" data-element_type=\"widget\" data-e-type=\"widget\" data-widget_type=\"heading.default\">\n\t\t\t\t\t<h2 class=\"elementor-heading-title elementor-size-default\">Paragonix Earn cumple con lo prometido  <span style=\"color: black\">Sus promesas<\/span><\/h2>\t\t\t\t<\/div>\n\t\t\t\t<div class=\"elementor-element elementor-element-18c981f elementor-widget elementor-widget-text-editor\" data-id=\"18c981f\" data-element_type=\"widget\" data-e-type=\"widget\" data-widget_type=\"text-editor.default\">\n\t\t\t\t\t\t\t\t\t<p>En Paragonix Earn, prometemos ser transparentes, proporcionar datos precisos, ser pr\u00e1cticos y utilizar nuestra pasi\u00f3n por las criptomonedas para ofrecer una plataforma comercial incre\u00edble.<\/p>\t\t\t\t\t\t\t\t<\/div>\n\t\t\t\t<div class=\"elementor-element elementor-element-57105c3 elementor-widget elementor-widget-text-editor\" data-id=\"57105c3\" data-element_type=\"widget\" data-e-type=\"widget\" data-widget_type=\"text-editor.default\">\n\t\t\t\t\t\t\t\t\t<p>Nos diferenciamos en que nos esforzamos por ofrecer lo mejor en el comercio de criptomonedas y buscamos promover un entorno de apoyo e inclusi\u00f3n que lo ayude a seguir aprendiendo sobre las criptomonedas. A diferencia de otras empresas que prometen demasiado y no cumplen sus promesas, Paragonix Earn establece expectativas realistas, pero siempre intentan superar todo lo que hacen.<\/p>\t\t\t\t\t\t\t\t<\/div>\n\t\t\t\t<div class=\"elementor-element elementor-element-32243ec elementor-widget elementor-widget-spacer\" data-id=\"32243ec\" data-element_type=\"widget\" data-e-type=\"widget\" data-widget_type=\"spacer.default\">\n\t\t\t\t\t\t\t<div class=\"elementor-spacer\">\n\t\t\t<div class=\"elementor-spacer-inner\"><\/div>\n\t\t<\/div>\n\t\t\t\t\t\t<\/div>\n\t\t\t\t\t<\/div>\n\t\t\t\t<\/div>\n\t\t\t\t<\/div>","protected":false},"excerpt":{"rendered":"<p>About Paragonix Earn The Beginning of Paragonix Earn We at Paragonix Earn have always considered ourselves to be pioneers in the field of digital currencies, and our group offers you a platform that operates in a unique way from the rest. We wanted to close a market gap and enable anyone to trade digital currency, [&hellip;]<\/p>\n","protected":false},"author":1,"featured_media":0,"parent":0,"menu_order":0,"comment_status":"closed","ping_status":"closed","template":"elementor_header_footer","meta":{"footnotes":""},"class_list":["post-12","page","type-page","status-publish","hentry"],"_links":{"self":[{"href":"https:\/\/www.paragonix-earn.pro\/py\/wp-json\/wp\/v2\/pages\/12","targetHints":{"allow":["GET"]}}],"collection":[{"href":"https:\/\/www.paragonix-earn.pro\/py\/wp-json\/wp\/v2\/pages"}],"about":[{"href":"https:\/\/www.paragonix-earn.pro\/py\/wp-json\/wp\/v2\/types\/page"}],"author":[{"embeddable":true,"href":"https:\/\/www.paragonix-earn.pro\/py\/wp-json\/wp\/v2\/users\/1"}],"replies":[{"embeddable":true,"href":"https:\/\/www.paragonix-earn.pro\/py\/wp-json\/wp\/v2\/comments?post=12"}],"version-history":[{"count":10,"href":"https:\/\/www.paragonix-earn.pro\/py\/wp-json\/wp\/v2\/pages\/12\/revisions"}],"predecessor-version":[{"id":519,"href":"https:\/\/www.paragonix-earn.pro\/py\/wp-json\/wp\/v2\/pages\/12\/revisions\/519"}],"wp:attachment":[{"href":"https:\/\/www.paragonix-earn.pro\/py\/wp-json\/wp\/v2\/media?parent=12"}],"curies":[{"name":"wp","href":"https:\/\/api.w.org\/{rel}","templated":true}]}}