{"id":18,"date":"2024-10-14T06:11:56","date_gmt":"2024-10-14T06:11:56","guid":{"rendered":"https:\/\/www.paragonix-earn.pro\/?page_id=18"},"modified":"2025-05-12T08:03:26","modified_gmt":"2025-05-12T08:03:26","slug":"termos-e-condicoes","status":"publish","type":"page","link":"https:\/\/www.paragonix-earn.pro\/pt\/terms-and-conditions\/","title":{"rendered":"Termos e Condi\u00e7\u00f5es"},"content":{"rendered":"<div data-elementor-type=\"wp-page\" data-elementor-id=\"18\" class=\"elementor elementor-18\" data-elementor-post-type=\"page\">\n\t\t\t\t<div class=\"elementor-element elementor-element-48fce74 e-flex e-con-boxed e-con e-parent\" data-id=\"48fce74\" data-element_type=\"container\" data-e-type=\"container\" data-settings=\"{&quot;background_background&quot;:&quot;classic&quot;}\">\n\t\t\t\t\t<div class=\"e-con-inner\">\n\t\t\t\t<div class=\"elementor-element elementor-element-eb73a41 elementor-widget elementor-widget-heading\" data-id=\"eb73a41\" data-element_type=\"widget\" data-e-type=\"widget\" data-widget_type=\"heading.default\">\n\t\t\t\t\t<h1 class=\"elementor-heading-title elementor-size-default\">Termos e Condi\u00e7\u00f5es<\/h1>\t\t\t\t<\/div>\n\t\t\t\t\t<\/div>\n\t\t\t\t<\/div>\n\t\t<div class=\"elementor-element elementor-element-1accaf3 e-flex e-con-boxed e-con e-parent\" data-id=\"1accaf3\" data-element_type=\"container\" data-e-type=\"container\">\n\t\t\t\t\t<div class=\"e-con-inner\">\n\t\t\t\t<div class=\"elementor-element elementor-element-261a61d elementor-widget elementor-widget-heading\" data-id=\"261a61d\" data-element_type=\"widget\" data-e-type=\"widget\" data-widget_type=\"heading.default\">\n\t\t\t\t\t<h2 class=\"elementor-heading-title elementor-size-default\">1. Geral<\/h2>\t\t\t\t<\/div>\n\t\t\t\t<div class=\"elementor-element elementor-element-33a65a2 elementor-widget elementor-widget-text-editor\" data-id=\"33a65a2\" data-element_type=\"widget\" data-e-type=\"widget\" data-widget_type=\"text-editor.default\">\n\t\t\t\t\t\t\t\t\t<p><strong>1.1.<\/strong> Bem-vindo ao\u00a0<span class=\"domain\">paragonix-earn.pro<\/span>\u00a0(o \u201cSite\u201d).<br \/>O nosso e-mail <a href=\"mailto:support@www.paragonix-earn.pro\">support@<span class=\"domain\">paragonixearn.pro<\/span><\/a><\/p><p><strong>1.2.<\/strong> O site inclui informa\u00e7\u00f5es sobre plataformas de terceiros (o\u00a0<b>\u201cPlataformas de terceiros\u201d<\/b>) para negocia\u00e7\u00e3o (o\u00a0<b>\u201cServi\u00e7os\u201d<\/b>).<\/p><p><strong>1.3.<\/strong> Estes termos de uso (o\u00a0<b>\u201cTermos\u201d<\/b>) governar seu (<b>\"Voc\u00ea\"<\/b>,\u00a0<b>\"Seu\"<\/b>\u00a0ou\u00a0<b>\"Usu\u00e1ria\"<\/b>) uso do Site ou dos Servi\u00e7os. Estes Termos devem ser lidos cuidadosamente por Voc\u00ea em sua totalidade antes do Seu uso dos Servi\u00e7os. Observe que estes Termos constituem um acordo legalmente vinculativo entre Voc\u00ea e o operador do Site e que, se Voc\u00ea n\u00e3o concordar com qualquer disposi\u00e7\u00e3o destes Termos, Voc\u00ea dever\u00e1 cessar imediatamente o uso do Site. Ao usar o Site, Voc\u00ea concorda com os Termos, conforme alterados de tempos em tempos.<\/p><p>Estes Termos incorporam Nossa Pol\u00edtica de Privacidade e, ao concordar com estes Termos, Voc\u00ea confirma que tamb\u00e9m aceita e concorda com Nossa Pol\u00edtica de Privacidade (Voc\u00ea pode revisar Nossa Pol\u00edtica de Privacidade por <a href=\"https:\/\/www.paragonix-earn.pro\/pt\/politica-de-privacidade\/\">clicando aqui<\/a>).<\/p>\t\t\t\t\t\t\t\t<\/div>\n\t\t\t\t<div class=\"elementor-element elementor-element-1bcfafe elementor-widget elementor-widget-heading\" data-id=\"1bcfafe\" data-element_type=\"widget\" data-e-type=\"widget\" data-widget_type=\"heading.default\">\n\t\t\t\t\t<h2 class=\"elementor-heading-title elementor-size-default\">2. Elegibilidade<\/h2>\t\t\t\t<\/div>\n\t\t\t\t<div class=\"elementor-element elementor-element-dcf3621 elementor-widget elementor-widget-text-editor\" data-id=\"dcf3621\" data-element_type=\"widget\" data-e-type=\"widget\" data-widget_type=\"text-editor.default\">\n\t\t\t\t\t\t\t\t\t<p><strong>2.1.<\/strong> Voc\u00ea s\u00f3 tem direito a usar o Site se cumprir todos os seguintes:<br \/><br \/><strong>2.1.1.<\/strong> Voc\u00ea tem pelo menos 18 anos de idade;<br \/><br \/><strong>2.1.2.<\/strong> Voc\u00ea tem o direito, a autoridade e a capacidade de celebrar estes Termos e cumprir todos os termos e condi\u00e7\u00f5es destes Termos;<br \/><br \/><strong>2.1.3.<\/strong> Voc\u00ea n\u00e3o est\u00e1 proibido de usar o Site e\/ou os Servi\u00e7os de acordo com as leis do pa\u00eds em que voc\u00ea reside ou est\u00e1 localizado enquanto usa o Site.<br \/><br \/><strong>2.2.<\/strong> N\u00e3o fazemos representa\u00e7\u00f5es ou garantias, expressas ou impl\u00edcitas, sobre a legalidade do Site e\/ou dos Servi\u00e7os e\/ou do uso do Site e\/ou dos Servi\u00e7os por qualquer pessoa, e n\u00e3o seremos respons\u00e1veis \u200b\u200bpor qualquer uso ilegal do Site e\/ou dos Servi\u00e7os pelo Usu\u00e1rio.<\/p>\t\t\t\t\t\t\t\t<\/div>\n\t\t\t\t<div class=\"elementor-element elementor-element-1bb6f8d elementor-widget elementor-widget-heading\" data-id=\"1bb6f8d\" data-element_type=\"widget\" data-e-type=\"widget\" data-widget_type=\"heading.default\">\n\t\t\t\t\t<h2 class=\"elementor-heading-title elementor-size-default\">3. Territ\u00f3rios restritos<\/h2>\t\t\t\t<\/div>\n\t\t\t\t<div class=\"elementor-element elementor-element-fc6d7ae elementor-widget elementor-widget-text-editor\" data-id=\"fc6d7ae\" data-element_type=\"widget\" data-e-type=\"widget\" data-widget_type=\"text-editor.default\">\n\t\t\t\t\t\t\t\t\t<p><strong>3.1.<\/strong> Sem preju\u00edzo da generalidade do exposto acima, podemos, a nosso exclusivo crit\u00e9rio, restringir a disponibilidade do Site e\/ou Servi\u00e7os (ou qualquer parte deles) a: (i) quaisquer Usu\u00e1rios em qualquer territ\u00f3rio (o\u00a0<b>\u201cTerrit\u00f3rios Restritos\u201d<\/b>), e (ii) que acreditamos razoavelmente que podem exp\u00f4-lo a riscos legais, regulat\u00f3rios, de reputa\u00e7\u00e3o ou econ\u00f4micos.<br \/><br \/><strong>3.2<\/strong>. Podemos impor requisitos ou condi\u00e7\u00f5es adicionais antes de aceitar Usu\u00e1rios que residam em ou de pa\u00edses espec\u00edficos a nosso crit\u00e9rio exclusivo. Al\u00e9m disso, reconhece-se que se algum Usu\u00e1rio viajar para os Territ\u00f3rios Restritos, o Site e\/ou Servi\u00e7os podem ficar indispon\u00edveis e\/ou bloqueados ali.<\/p>\t\t\t\t\t\t\t\t<\/div>\n\t\t\t\t<div class=\"elementor-element elementor-element-6f1e612 elementor-widget elementor-widget-heading\" data-id=\"6f1e612\" data-element_type=\"widget\" data-e-type=\"widget\" data-widget_type=\"heading.default\">\n\t\t\t\t\t<h2 class=\"elementor-heading-title elementor-size-default\">4. Atividades proibidas<\/h2>\t\t\t\t<\/div>\n\t\t\t\t<div class=\"elementor-element elementor-element-c5991ce elementor-widget elementor-widget-text-editor\" data-id=\"c5991ce\" data-element_type=\"widget\" data-e-type=\"widget\" data-widget_type=\"text-editor.default\">\n\t\t\t\t\t\t\t\t\t<p><strong>4.1.<\/strong> Voc\u00ea se compromete a usar o Site e os Servi\u00e7os de maneira respeitosa e se compromete a n\u00e3o:<\/p><p><strong>4.1.1.<\/strong> Link para o site e\/ou usar o site para fins de upload, download, distribui\u00e7\u00e3o, publica\u00e7\u00e3o ou transmiss\u00e3o <strong>(um)<\/strong> informa\u00e7\u00f5es ou outro material de uma maneira que viole quaisquer direitos, incluindo direitos de propriedade intelectual, prote\u00e7\u00e3o de direitos de privacidade ou qualquer outro direito;<strong> (b)<\/strong> informa\u00e7\u00f5es ou outro material cuja publica\u00e7\u00e3o ou uso seja proibido por constituir amea\u00e7a, dano, insulto, cal\u00fania, difama\u00e7\u00e3o, racismo ou conte\u00fado inapropriado;<strong> (c)<\/strong> informa\u00e7\u00f5es ou outro material que inclua um v\u00edrus ou outro software que possa danificar nossos sistemas de computador ou quaisquer terceiros ou de uma maneira que possa restringir ou impedir que outras pessoas usem o Site; <strong>(e)<\/strong> informa\u00e7\u00f5es ou outro material que viole qualquer lei; ou <strong>(e)<\/strong> informa\u00e7\u00f5es ou outro material que inclua um an\u00fancio de qualquer tipo sem nossa permiss\u00e3o pr\u00e9via por escrito;<\/p><p><strong>4.1.2.<\/strong> Excluir ou modificar quaisquer atribui\u00e7\u00f5es, avisos legais ou outras designa\u00e7\u00f5es ou r\u00f3tulos de propriedade no Site;<\/p><p><strong>4.1.3.<\/strong> Utilizar os Servi\u00e7os usando qualquer interface diferente do Site;<\/p><p><strong>4.1.4.<\/strong> Interferir no uso do Site e\/ou dos Servi\u00e7os por outros Usu\u00e1rios;<\/p><p class=\"pl-32\"><strong>4.1.5<\/strong>. Usar bots ou outros m\u00e9todos automatizados para acessar ou usar o Site e\/ou os Servi\u00e7os;<\/p><p class=\"pl-32\"><strong>4.1.6.<\/strong> Carregar ou transmitir (ou tentar carregar ou transmitir), sem Nossa permiss\u00e3o expressa, qualquer material que atue como um mecanismo passivo ou ativo de coleta ou transmiss\u00e3o de informa\u00e7\u00f5es, incluindo, sem limita\u00e7\u00e3o, web bugs, cookies ou outros dispositivos spyware semelhantes;<\/p><p class=\"pl-32\"><strong>4.1.7.<\/strong> Envolver-se em \u201cenquadramento\u201d, \u201cespelhamento\u201d ou simula\u00e7\u00e3o de qualquer outra forma da apar\u00eancia ou fun\u00e7\u00e3o dos Servi\u00e7os;<\/p><p class=\"pl-32\"><strong>4.1.8.<\/strong> Violar quaisquer leis ou regulamentos aplic\u00e1veis, encorajar ou promover qualquer atividade ilegal, incluindo, mas n\u00e3o se limitando a, viola\u00e7\u00e3o de direitos autorais, viola\u00e7\u00e3o de marca registrada, difama\u00e7\u00e3o, invas\u00e3o de privacidade, roubo de identidade, hacking, cracking ou distribui\u00e7\u00e3o de software falsificado;<\/p><p class=\"pl-32\"><strong>4.1.9.<\/strong> Fazer quaisquer altera\u00e7\u00f5es e\/ou interferir de qualquer forma no c\u00f3digo-fonte do Site e carregar qualquer software e\/ou aplicativo que possa prejudicar ou causar danos ao Site ou a qualquer outro terceiro;<\/p><p class=\"pl-32\"><strong>4.1.10.<\/strong> Desmontar, descompilar ou fazer engenharia reversa de qualquer software ou outra tecnologia inclu\u00edda no Site ou usada para fornecer os Servi\u00e7os.<\/p><p class=\"pl-32\"><strong>4.2.<\/strong> Voc\u00ea reconhece que, sem preju\u00edzo de qualquer outro direito que possamos ter, caso estejamos preocupados que seu uso do Site n\u00e3o esteja em conformidade com as disposi\u00e7\u00f5es destes Termos ou qualquer lei aplic\u00e1vel, poderemos rastrear seu uso do Site ou dos Servi\u00e7os, impedir que voc\u00ea acesse o Site, transferir seus padr\u00f5es de comportamento no Site para terceiros e tomar qualquer outra a\u00e7\u00e3o que considerarmos apropriada para proteger sua propriedade e\/ou direitos e\/ou direitos de terceiros.<\/p>\t\t\t\t\t\t\t\t<\/div>\n\t\t\t\t<div class=\"elementor-element elementor-element-981de9c elementor-widget elementor-widget-heading\" data-id=\"981de9c\" data-element_type=\"widget\" data-e-type=\"widget\" data-widget_type=\"heading.default\">\n\t\t\t\t\t<h2 class=\"elementor-heading-title elementor-size-default\">5. Direitos de propriedade intelectual<\/h2>\t\t\t\t<\/div>\n\t\t\t\t<div class=\"elementor-element elementor-element-ea735d1 elementor-widget elementor-widget-text-editor\" data-id=\"ea735d1\" data-element_type=\"widget\" data-e-type=\"widget\" data-widget_type=\"text-editor.default\">\n\t\t\t\t\t\t\t\t\t<p><strong>5.1.<\/strong> O Site e seu conte\u00fado, incluindo materiais de v\u00eddeo, texto, fotos, logotipos, designs, m\u00fasica, som, figuras, marcas registradas e qualquer outro conte\u00fado incorporado no Site s\u00e3o protegidos por nossos direitos de propriedade intelectual ou de terceiros.<\/p><p><strong>5.2.<\/strong> Entre N\u00f3s e o Usu\u00e1rio, retemos todos os direitos, t\u00edtulos e interesses no e para o Website e os Servi\u00e7os. O uso do Website e\/ou dos Servi\u00e7os n\u00e3o confere ao Usu\u00e1rio nenhum dos direitos de propriedade intelectual incorporados no Website e\/ou nos Servi\u00e7os, al\u00e9m do direito de usar o Website e\/ou os Servi\u00e7os de acordo com os termos destes Termos.<\/p><p><strong>5.3.<\/strong> O Usu\u00e1rio somente poder\u00e1 utilizar o Site e\/ou os Servi\u00e7os para uso pessoal e n\u00e3o comercial.<\/p><p><strong>5.4.<\/strong> Voc\u00ea n\u00e3o deve, nem permitir\u00e1 que qualquer outra parte modifique, descompile, desmonte, fa\u00e7a engenharia reversa, copie, transfira, crie trabalhos derivados, alugue, sublicencie, distribua, reproduza, emoldure, republice, copie, baixe, exiba, transmita, publique, alugue ou venda de qualquer forma ou por qualquer meio, no todo ou em parte, use para qualquer finalidade que n\u00e3o seja a utiliza\u00e7\u00e3o do Site ou dos Servi\u00e7os de acordo com os Termos ou explore de outra forma qualquer conte\u00fado do Site sem nossa permiss\u00e3o expl\u00edcita e pr\u00e9via por escrito.<\/p>\t\t\t\t\t\t\t\t<\/div>\n\t\t\t\t<div class=\"elementor-element elementor-element-298f029 elementor-widget elementor-widget-heading\" data-id=\"298f029\" data-element_type=\"widget\" data-e-type=\"widget\" data-widget_type=\"heading.default\">\n\t\t\t\t\t<h2 class=\"elementor-heading-title elementor-size-default\">6. Limita\u00e7\u00e3o de responsabilidade<\/h2>\t\t\t\t<\/div>\n\t\t\t\t<div class=\"elementor-element elementor-element-eb74056 elementor-widget elementor-widget-text-editor\" data-id=\"eb74056\" data-element_type=\"widget\" data-e-type=\"widget\" data-widget_type=\"text-editor.default\">\n\t\t\t\t\t\t\t\t\t<p><strong>6.1.<\/strong> Seu uso do Site e\/ou dos Servi\u00e7os ser\u00e1 por sua conta e risco. Na extens\u00e3o m\u00e1xima permitida por lei, N\u00f3s isentamos garantias, expl\u00edcitas ou impl\u00edcitas, em conex\u00e3o com o Site e os Servi\u00e7os e Seu uso deles, incluindo garantias impl\u00edcitas de comerciabilidade, t\u00edtulo, adequa\u00e7\u00e3o a uma finalidade espec\u00edfica ou n\u00e3o viola\u00e7\u00e3o, utilidade, autoridade, precis\u00e3o, integridade e pontualidade. Consequentemente, os Servi\u00e7os, incluindo todo o conte\u00fado e fun\u00e7\u00f5es disponibilizados ou acessados \u200b\u200bpor meio ou enviados do Site, s\u00e3o fornecidos \u201ccomo est\u00e3o\u201d, \u201cconforme dispon\u00edveis\u201d e \u201ccom todas as falhas\u201d.<\/p><p><strong>6.2.<\/strong> Sem preju\u00edzo da generalidade do exposto, n\u00e3o assumimos qualquer responsabilidade por qualquer <strong>(um)<\/strong> erros, enganos ou imprecis\u00f5es de qualquer conte\u00fado inclu\u00eddo no Site; <strong>(b)<\/strong> qualquer interrup\u00e7\u00e3o ou cessa\u00e7\u00e3o de transmiss\u00e3o de ou para o Site ou por meio dos Servi\u00e7os; <strong>(c)<\/strong> quaisquer bugs, v\u00edrus, cavalos de Troia ou similares que possam ser transmitidos para ou atrav\u00e9s do Site ou dos Servi\u00e7os por terceiros.<\/p><p><strong>6.3.<\/strong> Voc\u00ea concorda em nos isentar de quaisquer perdas causadas, direta ou indiretamente, a Voc\u00ea e\/ou a qualquer outro terceiro, com rela\u00e7\u00e3o ao Site e\/ou aos Servi\u00e7os, e Voc\u00ea ser\u00e1 o \u00fanico respons\u00e1vel por quaisquer decis\u00f5es tomadas com base no conte\u00fado do Site e\/ou dos Servi\u00e7os.<\/p><p><strong>6.4.<\/strong> Em nenhuma hip\u00f3tese seremos respons\u00e1veis \u200b\u200bperante Voc\u00ea ou qualquer terceiro por quaisquer danos especiais, diretos, indiretos, incidentais, especiais, punitivos ou consequentes, incluindo quaisquer lucros cessantes ou dados perdidos decorrentes do Seu uso do Site e\/ou dos Servi\u00e7os ou outros materiais no, acessados \u200b\u200bpor meio ou baixados do Site ou como parte dos Servi\u00e7os, seja com base em garantia, contrato, ato il\u00edcito ou qualquer outra teoria legal, e se fomos ou n\u00e3o avisados \u200b\u200bda possibilidade desses danos e, nos casos em que a autoridade judicial nos considerar respons\u00e1veis, sua responsabilidade n\u00e3o exceder\u00e1 100 USD. A limita\u00e7\u00e3o de responsabilidade anterior se aplicar\u00e1 \u00e0 extens\u00e3o m\u00e1xima permitida por lei na jurisdi\u00e7\u00e3o aplic\u00e1vel.<\/p><p><strong>6.5.<\/strong> N\u00e3o somos respons\u00e1veis \u200b\u200bpor quaisquer problemas ou mau funcionamento t\u00e9cnico de quaisquer linhas telef\u00f4nicas ou de rede, sistemas de computador on-line, servidores ou provedores, hardware, software, falha devido a problemas t\u00e9cnicos ou congestionamento de tr\u00e1fego na internet (ou inacessibilidade da internet) ou incompatibilidade entre o Website ou os Servi\u00e7os e Seu navegador e\/ou outro equipamento. Sem derrogar a generalidade do acima, N\u00f3s n\u00e3o assumimos qualquer responsabilidade ou risco pelo Seu uso da Internet.<\/p>\t\t\t\t\t\t\t\t<\/div>\n\t\t\t\t<div class=\"elementor-element elementor-element-cdcd3cf elementor-widget elementor-widget-heading\" data-id=\"cdcd3cf\" data-element_type=\"widget\" data-e-type=\"widget\" data-widget_type=\"heading.default\">\n\t\t\t\t\t<h2 class=\"elementor-heading-title elementor-size-default\">7. Servi\u00e7os ou conte\u00fado de terceiros<\/h2>\t\t\t\t<\/div>\n\t\t\t\t<div class=\"elementor-element elementor-element-1f741be elementor-widget elementor-widget-text-editor\" data-id=\"1f741be\" data-element_type=\"widget\" data-e-type=\"widget\" data-widget_type=\"text-editor.default\">\n\t\t\t\t\t\t\t\t\t<p><strong>7.1.<\/strong> Ao usar os Servi\u00e7os, voc\u00ea pode visualizar conte\u00fado ou servi\u00e7os fornecidos por terceiros, incluindo an\u00fancios e avalia\u00e7\u00f5es sobre as Plataformas de Terceiros.<\/p><p><strong>7.2.<\/strong> N\u00e3o controlamos, endossamos ou adotamos tais conte\u00fados ou servi\u00e7os, e eles podem nem sempre ser precisos ou atuais.<\/p><p><strong>7.3<\/strong>. Portanto, recomendamos que voc\u00ea verifique todas as informa\u00e7\u00f5es de forma independente antes de confiar nelas, e quaisquer decis\u00f5es ou a\u00e7\u00f5es tomadas com base nessas informa\u00e7\u00f5es s\u00e3o de sua exclusiva responsabilidade.<\/p>\t\t\t\t\t\t\t\t<\/div>\n\t\t\t\t<div class=\"elementor-element elementor-element-804e7f5 elementor-widget elementor-widget-heading\" data-id=\"804e7f5\" data-element_type=\"widget\" data-e-type=\"widget\" data-widget_type=\"heading.default\">\n\t\t\t\t\t<h2 class=\"elementor-heading-title elementor-size-default\">8. Liga\u00e7\u00f5es<\/h2>\t\t\t\t<\/div>\n\t\t\t\t<div class=\"elementor-element elementor-element-8d80902 elementor-widget elementor-widget-text-editor\" data-id=\"8d80902\" data-element_type=\"widget\" data-e-type=\"widget\" data-widget_type=\"text-editor.default\">\n\t\t\t\t\t\t\t\t\t<p><strong>8.1.<\/strong> O Site pode conter links, conte\u00fado, an\u00fancios, promo\u00e7\u00f5es, logotipos e outros materiais de outros sites ou softwares que s\u00e3o controlados ou oferecidos por terceiros (os \u201cLinks\u201d). N\u00f3s o alertamos para garantir que Voc\u00ea entenda os riscos envolvidos no uso de tais sites, softwares ou materiais antes de recuperar, usar, confiar ou comprar qualquer coisa por meio desses sites ou softwares, ou com base em tais materiais. Tais Links s\u00e3o fornecidos exclusivamente para Sua conveni\u00eancia, e Voc\u00ea concorda que sob nenhuma circunst\u00e2ncia Voc\u00ea nos responsabilizar\u00e1 por qualquer perda ou dano causado pelo uso ou confian\u00e7a em qualquer conte\u00fado, bens ou servi\u00e7os dispon\u00edveis em outros sites ou softwares.<\/p><p><strong>8.2.<\/strong> A inclus\u00e3o de Links no Site n\u00e3o constitui endosso, autoriza\u00e7\u00e3o, patroc\u00ednio, afilia\u00e7\u00e3o ou qualquer outra conex\u00e3o entre N\u00f3s e esses sites, softwares ou seus operadores.<\/p><p><strong>8.3.<\/strong> N\u00e3o revisamos nenhum ou todos esses Links e n\u00e3o somos respons\u00e1veis \u200b\u200bpor nenhum conte\u00fado dos sites ou softwares referenciados por eles. N\u00f3s o alertamos para garantir que Voc\u00ea entenda os riscos envolvidos no uso de tais sites ou softwares antes de recuperar, usar, confiar ou comprar qualquer coisa por meio desses sites ou softwares. Sob nenhuma circunst\u00e2ncia Voc\u00ea nos responsabilizar\u00e1 por qualquer perda ou dano causado pelo uso ou confian\u00e7a em qualquer conte\u00fado, bens ou servi\u00e7os dispon\u00edveis em outros sites.<\/p><p><strong>8.4.<\/strong> \u00c9 sua responsabilidade revisar os termos e as pol\u00edticas de tais sites de terceiros, e recomendamos fortemente que voc\u00ea os revise cuidadosamente antes de se envolver com tais terceiros.<\/p>\t\t\t\t\t\t\t\t<\/div>\n\t\t\t\t<div class=\"elementor-element elementor-element-85c18fb elementor-widget elementor-widget-heading\" data-id=\"85c18fb\" data-element_type=\"widget\" data-e-type=\"widget\" data-widget_type=\"heading.default\">\n\t\t\t\t\t<h2 class=\"elementor-heading-title elementor-size-default\">9. Diversos<\/h2>\t\t\t\t<\/div>\n\t\t\t\t<div class=\"elementor-element elementor-element-cc764b3 elementor-widget elementor-widget-text-editor\" data-id=\"cc764b3\" data-element_type=\"widget\" data-e-type=\"widget\" data-widget_type=\"text-editor.default\">\n\t\t\t\t\t\t\t\t\t<p><strong>9.1.<\/strong> Podemos, a Nosso crit\u00e9rio exclusivo, alterar, modificar ou descontinuar, de tempos em tempos, quaisquer dos Servi\u00e7os e\/ou introduzir novos Servi\u00e7os. N\u00e3o seremos respons\u00e1veis \u200b\u200bpor nenhuma perda sofrida por Voc\u00ea resultante de tais altera\u00e7\u00f5es feitas e Voc\u00ea n\u00e3o ter\u00e1 nenhuma reivindica\u00e7\u00e3o contra N\u00f3s a esse respeito.<\/p><p><strong>9.2.<\/strong> Podemos modificar estes Termos de tempos em tempos. Quando o fizermos, forneceremos um aviso a Voc\u00ea publicando a vers\u00e3o mais atual e revisando a data no topo desta p\u00e1gina e quaisquer modifica\u00e7\u00f5es entrar\u00e3o em vigor imediatamente ap\u00f3s tal publica\u00e7\u00e3o. Ao continuar a usar o Site ap\u00f3s quaisquer altera\u00e7\u00f5es entrarem em vigor, Voc\u00ea \u00e9 considerado como concordando com os Termos revisados.<\/p><p><strong>9.3.<\/strong> O Usu\u00e1rio concorda que a transmiss\u00e3o de informa\u00e7\u00f5es de ou para o Site n\u00e3o cria nenhum relacionamento que se desvie daqueles especificados nestes Termos.<\/p><p><strong>9.4.<\/strong> Estes Termos e a Pol\u00edtica de Privacidade, conforme alteradas periodicamente, constituem os \u00fanicos acordos v\u00e1lidos entre N\u00f3s e o Usu\u00e1rio, e nenhuma representa\u00e7\u00e3o, promessa, consentimento ou compromisso, seja escrito ou oral, que n\u00e3o esteja inclu\u00eddo nos Termos da Pol\u00edtica de Privacidade ser\u00e1 vinculativo para as partes.<\/p><p><strong>9.5.<\/strong> Nenhuma falha ou atraso de Nossa parte no exerc\u00edcio de qualquer direito, poder ou recurso aqui previsto operar\u00e1 como uma ren\u00fancia ao mesmo, nem qualquer exerc\u00edcio \u00fanico ou parcial de qualquer direito, poder ou recurso impedir\u00e1 qualquer outro ou posterior exerc\u00edcio do mesmo ou o exerc\u00edcio de qualquer outro direito, poder ou recurso.<\/p><p><strong>9.6.<\/strong> Se qualquer disposi\u00e7\u00e3o destes Termos for considerada por um tribunal de jurisdi\u00e7\u00e3o competente como inexequ\u00edvel sob a lei aplic\u00e1vel, ent\u00e3o tal disposi\u00e7\u00e3o ser\u00e1 exclu\u00edda destes Termos e o restante destes Termos ser\u00e1 interpretado como se tal disposi\u00e7\u00e3o fosse exclu\u00edda e ser\u00e1 execut\u00e1vel de acordo com seus termos; desde que, no entanto, em tal caso estes Termos sejam interpretados de modo a dar efeito, na maior extens\u00e3o consistente e permitida pela lei aplic\u00e1vel, ao significado e \u00e0 inten\u00e7\u00e3o da disposi\u00e7\u00e3o exclu\u00edda, conforme determinado por tal tribunal de jurisdi\u00e7\u00e3o competente.<\/p><p><strong>9.7.<\/strong> Podemos transferir ou ceder todos e quaisquer dos Nossos direitos e obriga\u00e7\u00f5es aqui descritos a qualquer terceiro; sem derrogar o acima, o Website e\/ou qualquer um dos Servi\u00e7os podem ser operados por terceiros. Voc\u00ea n\u00e3o pode transferir, ceder ou prometer de nenhuma maneira quaisquer dos Seus direitos ou obriga\u00e7\u00f5es sob estes Termos.<\/p>\t\t\t\t\t\t\t\t<\/div>\n\t\t\t\t<div class=\"elementor-element elementor-element-18dab9b elementor-widget elementor-widget-spacer\" data-id=\"18dab9b\" data-element_type=\"widget\" data-e-type=\"widget\" data-widget_type=\"spacer.default\">\n\t\t\t\t\t\t\t<div class=\"elementor-spacer\">\n\t\t\t<div class=\"elementor-spacer-inner\"><\/div>\n\t\t<\/div>\n\t\t\t\t\t\t<\/div>\n\t\t\t\t\t<\/div>\n\t\t\t\t<\/div>\n\t\t\t\t<\/div>","protected":false},"excerpt":{"rendered":"<p>Terms and Conditions 1. General 1.1. Welcome to\u00a0paragonix-earn.pro\u00a0(the &#8220;Website&#8221;).Our email support@paragonixearn.pro 1.2. The Website includes information about third-party platforms (the\u00a0&#8220;Third-Party Platforms&#8221;) for trading (the\u00a0&#8220;Services&#8221;). 1.3. These terms of use (the\u00a0&#8220;Terms&#8221;) govern your (&#8220;You&#8221;,\u00a0&#8220;Your&#8221;\u00a0or\u00a0&#8220;User&#8221;) use of the Website or the Services. These Terms should be read carefully by You in their entirety prior to Your use [&hellip;]<\/p>\n","protected":false},"author":1,"featured_media":0,"parent":0,"menu_order":0,"comment_status":"closed","ping_status":"closed","template":"elementor_header_footer","meta":{"footnotes":""},"class_list":["post-18","page","type-page","status-publish","hentry"],"_links":{"self":[{"href":"https:\/\/www.paragonix-earn.pro\/pt\/wp-json\/wp\/v2\/pages\/18","targetHints":{"allow":["GET"]}}],"collection":[{"href":"https:\/\/www.paragonix-earn.pro\/pt\/wp-json\/wp\/v2\/pages"}],"about":[{"href":"https:\/\/www.paragonix-earn.pro\/pt\/wp-json\/wp\/v2\/types\/page"}],"author":[{"embeddable":true,"href":"https:\/\/www.paragonix-earn.pro\/pt\/wp-json\/wp\/v2\/users\/1"}],"replies":[{"embeddable":true,"href":"https:\/\/www.paragonix-earn.pro\/pt\/wp-json\/wp\/v2\/comments?post=18"}],"version-history":[{"count":10,"href":"https:\/\/www.paragonix-earn.pro\/pt\/wp-json\/wp\/v2\/pages\/18\/revisions"}],"predecessor-version":[{"id":534,"href":"https:\/\/www.paragonix-earn.pro\/pt\/wp-json\/wp\/v2\/pages\/18\/revisions\/534"}],"wp:attachment":[{"href":"https:\/\/www.paragonix-earn.pro\/pt\/wp-json\/wp\/v2\/media?parent=18"}],"curies":[{"name":"wp","href":"https:\/\/api.w.org\/{rel}","templated":true}]}}