{"id":12,"date":"2024-10-14T06:11:12","date_gmt":"2024-10-14T06:11:12","guid":{"rendered":"https:\/\/www.paragonix-earn.pro\/?page_id=12"},"modified":"2025-05-12T07:54:08","modified_gmt":"2025-05-12T07:54:08","slug":"sobre-nos","status":"publish","type":"page","link":"https:\/\/www.paragonix-earn.pro\/pt\/about-us\/","title":{"rendered":"Sobre n\u00f3s"},"content":{"rendered":"<div data-elementor-type=\"wp-page\" data-elementor-id=\"12\" class=\"elementor elementor-12\" data-elementor-post-type=\"page\">\n\t\t\t\t<div class=\"elementor-element elementor-element-96797fc e-flex e-con-boxed e-con e-parent\" data-id=\"96797fc\" data-element_type=\"container\" data-e-type=\"container\">\n\t\t\t\t\t<div class=\"e-con-inner\">\n\t\t\t\t<div class=\"elementor-element elementor-element-6336eca elementor-widget elementor-widget-heading\" data-id=\"6336eca\" data-element_type=\"widget\" data-e-type=\"widget\" data-widget_type=\"heading.default\">\n\t\t\t\t\t<h1 class=\"elementor-heading-title elementor-size-default\"><span style=\"color: black\"> Sobre <\/span>Paragonix Earn<\/h1>\t\t\t\t<\/div>\n\t\t\t\t<div class=\"elementor-element elementor-element-fa4d4b3 elementor-widget elementor-widget-image\" data-id=\"fa4d4b3\" data-element_type=\"widget\" data-e-type=\"widget\" data-widget_type=\"image.default\">\n\t\t\t\t\t\t\t\t\t\t\t\t\t\t\t<img fetchpriority=\"high\" decoding=\"async\" width=\"660\" height=\"440\" src=\"https:\/\/www.paragonix-earn.pro\/wp-content\/uploads\/2024\/10\/About-paragonix-earn.webp\" class=\"attachment-full size-full wp-image-319\" alt=\"Paragonix Earn Investment\" srcset=\"https:\/\/www.paragonix-earn.pro\/wp-content\/uploads\/2024\/10\/About-paragonix-earn.webp 660w, https:\/\/www.paragonix-earn.pro\/wp-content\/uploads\/2024\/10\/About-paragonix-earn-300x200.webp 300w\" sizes=\"(max-width: 660px) 100vw, 660px\" \/>\t\t\t\t\t\t\t\t\t\t\t\t\t\t\t<\/div>\n\t\t\t\t\t<\/div>\n\t\t\t\t<\/div>\n\t\t<div class=\"elementor-element elementor-element-d012534 e-flex e-con-boxed e-con e-parent\" data-id=\"d012534\" data-element_type=\"container\" data-e-type=\"container\">\n\t\t\t\t\t<div class=\"e-con-inner\">\n\t\t<div class=\"elementor-element elementor-element-350f933 e-con-full e-flex e-con e-child\" data-id=\"350f933\" data-element_type=\"container\" data-e-type=\"container\">\n\t\t\t\t<div class=\"elementor-element elementor-element-313340b elementor-widget elementor-widget-heading\" data-id=\"313340b\" data-element_type=\"widget\" data-e-type=\"widget\" data-widget_type=\"heading.default\">\n\t\t\t\t\t<h2 class=\"elementor-heading-title elementor-size-default\"><span style=\"color: black\"> O come\u00e7o de <\/span>Paragonix Earn<\/h2>\t\t\t\t<\/div>\n\t\t\t\t<div class=\"elementor-element elementor-element-0bbd604 elementor-widget__width-initial elementor-widget-tablet__width-initial elementor-widget-mobile__width-initial elementor-widget elementor-widget-text-editor\" data-id=\"0bbd604\" data-element_type=\"widget\" data-e-type=\"widget\" data-widget_type=\"text-editor.default\">\n\t\t\t\t\t\t\t\t\t<p>N\u00f3s da Paragonix Earn sempre nos consideramos pioneiros no campo das moedas digitais, e nosso grupo oferece a voc\u00ea uma plataforma que opera de uma forma \u00fanica das demais.<\/p>\t\t\t\t\t\t\t\t<\/div>\n\t\t\t\t<\/div>\n\t\t<div class=\"elementor-element elementor-element-4b52055 e-con-full e-flex e-con e-child\" data-id=\"4b52055\" data-element_type=\"container\" data-e-type=\"container\">\n\t\t\t\t<div class=\"elementor-element elementor-element-399e9c7 elementor-widget elementor-widget-text-editor\" data-id=\"399e9c7\" data-element_type=\"widget\" data-e-type=\"widget\" data-widget_type=\"text-editor.default\">\n\t\t\t\t\t\t\t\t\t<p>Quer\u00edamos fechar uma lacuna de mercado e permitir que qualquer um negociasse moeda digital, ent\u00e3o nos propusemos a construir nossa plataforma. Al\u00e9m de criar o Paragonix Earn, somos fervorosos apoiadores das tecnologias de blockchain e moeda digital. Nosso objetivo \u00e9 fazer parte do movimento que realmente mudar\u00e1 o mundo um dia.<\/p><p>Acreditamos que a negocia\u00e7\u00e3o de moedas digitais ocorrer\u00e1 principalmente online no futuro, dado o estado do mercado e suas mudan\u00e7as recentes. Estamos nos esfor\u00e7ando muito para garantir que a moeda digital se desenvolva e ganhe valor para todos.<\/p>\t\t\t\t\t\t\t\t<\/div>\n\t\t\t\t<\/div>\n\t\t\t\t\t<\/div>\n\t\t\t\t<\/div>\n\t\t<div class=\"elementor-element elementor-element-a38049d e-flex e-con-boxed e-con e-parent\" data-id=\"a38049d\" data-element_type=\"container\" data-e-type=\"container\" data-settings=\"{&quot;background_background&quot;:&quot;classic&quot;}\">\n\t\t\t\t\t<div class=\"e-con-inner\">\n\t\t<div class=\"elementor-element elementor-element-def838b e-con-full e-flex e-con e-child\" data-id=\"def838b\" data-element_type=\"container\" data-e-type=\"container\">\n\t\t\t\t<div class=\"elementor-element elementor-element-34de1c9 elementor-widget elementor-widget-heading\" data-id=\"34de1c9\" data-element_type=\"widget\" data-e-type=\"widget\" data-widget_type=\"heading.default\">\n\t\t\t\t\t<h2 class=\"elementor-heading-title elementor-size-default\">O futuro parece brilhante<\/h2>\t\t\t\t<\/div>\n\t\t\t\t<div class=\"elementor-element elementor-element-c892484 elementor-widget__width-initial elementor-widget-tablet__width-initial elementor-widget-mobile__width-initial elementor-widget elementor-widget-text-editor\" data-id=\"c892484\" data-element_type=\"widget\" data-e-type=\"widget\" data-widget_type=\"text-editor.default\">\n\t\t\t\t\t\t\t\t\t<p>N\u00f3s da Paragonix Earn acreditamos que o futuro \u00e9 brilhante agora. Estamos felizes em informar que a plataforma que criamos ganhou muita for\u00e7a e que nossos esfor\u00e7os valeram a pena. Nosso grupo est\u00e1 ansioso para descobrir o que vir\u00e1 a seguir.<\/p>\t\t\t\t\t\t\t\t<\/div>\n\t\t\t\t<div class=\"elementor-element elementor-element-58b3594 elementor-widget elementor-widget-text-editor\" data-id=\"58b3594\" data-element_type=\"widget\" data-e-type=\"widget\" data-widget_type=\"text-editor.default\">\n\t\t\t\t\t\t\t\t\t<p>Expandir a educa\u00e7\u00e3o sobre moeda digital \u00e9 um dos nossos objetivos para que os traders possam tomar decis\u00f5es mais informadas. Isso \u00e9 especialmente verdadeiro para os novatos, pois nossa meta \u00e9 v\u00ea-los florescer no campo das moedas digitais.<\/p><p>Um dos nossos objetivos com o site \u00e9 educar as pessoas sobre investimentos. Nosso objetivo \u00e9 tornar os indiv\u00edduos bem-sucedidos ensinando-os sobre as vantagens das moedas digitais e como elas operam. Nosso objetivo \u00e9 manter nossa posi\u00e7\u00e3o como l\u00edderes em nosso campo, ao mesmo tempo em que educamos outros.<\/p><p>Globalmente, o Bitcoin est\u00e1 se tornando cada vez mais popular, e ficar\u00edamos honrados em estar entre os neg\u00f3cios que impulsionam essa transforma\u00e7\u00e3o. Nosso objetivo \u00e9 nos tornar o site onde todos v\u00e3o para assistir ao movimento e fazer negocia\u00e7\u00f5es lucrativas.<\/p>\t\t\t\t\t\t\t\t<\/div>\n\t\t\t\t<\/div>\n\t\t<div class=\"elementor-element elementor-element-bec3da5 e-con-full e-flex e-con e-child\" data-id=\"bec3da5\" data-element_type=\"container\" data-e-type=\"container\" data-settings=\"{&quot;background_background&quot;:&quot;classic&quot;}\">\n\t\t\t\t<div class=\"elementor-element elementor-element-522bfb6 elementor-widget elementor-widget-spacer\" data-id=\"522bfb6\" data-element_type=\"widget\" data-e-type=\"widget\" data-widget_type=\"spacer.default\">\n\t\t\t\t\t\t\t<div class=\"elementor-spacer\">\n\t\t\t<div class=\"elementor-spacer-inner\"><\/div>\n\t\t<\/div>\n\t\t\t\t\t\t<\/div>\n\t\t\t\t<\/div>\n\t\t\t\t\t<\/div>\n\t\t\t\t<\/div>\n\t\t<div class=\"elementor-element elementor-element-bfdea66 e-flex e-con-boxed e-con e-parent\" data-id=\"bfdea66\" data-element_type=\"container\" data-e-type=\"container\">\n\t\t\t\t\t<div class=\"e-con-inner\">\n\t\t\t\t<div class=\"elementor-element elementor-element-5bb6b0f elementor-widget elementor-widget-heading\" data-id=\"5bb6b0f\" data-element_type=\"widget\" data-e-type=\"widget\" data-widget_type=\"heading.default\">\n\t\t\t\t\t<h2 class=\"elementor-heading-title elementor-size-default\">Paragonix Earn entrega  <span style=\"color: black\">Suas Promessas<\/span><\/h2>\t\t\t\t<\/div>\n\t\t\t\t<div class=\"elementor-element elementor-element-18c981f elementor-widget elementor-widget-text-editor\" data-id=\"18c981f\" data-element_type=\"widget\" data-e-type=\"widget\" data-widget_type=\"text-editor.default\">\n\t\t\t\t\t\t\t\t\t<p>Na Paragonix Earn, prometemos ser transparentes, fornecer dados precisos, ser pr\u00e1ticos e usar a nossa paix\u00e3o pelas criptomoedas para oferecer uma plataforma de negocia\u00e7\u00e3o incr\u00edvel.<\/p>\t\t\t\t\t\t\t\t<\/div>\n\t\t\t\t<div class=\"elementor-element elementor-element-57105c3 elementor-widget elementor-widget-text-editor\" data-id=\"57105c3\" data-element_type=\"widget\" data-e-type=\"widget\" data-widget_type=\"text-editor.default\">\n\t\t\t\t\t\t\t\t\t<p>N\u00f3s nos diferenciamos porque nos esfor\u00e7amos para oferecer o melhor em negocia\u00e7\u00e3o de criptomoedas e buscamos promover um ambiente de apoio e inclus\u00e3o que ajuda voc\u00ea a continuar aprendendo sobre criptomoedas. Ao contr\u00e1rio de outras empresas que prometem demais e n\u00e3o cumprem suas promessas, a Paragonix Earn define expectativas realistas, mas sempre tenta entregar mais do que o esperado em tudo o que faz.<\/p>\t\t\t\t\t\t\t\t<\/div>\n\t\t\t\t<div class=\"elementor-element elementor-element-32243ec elementor-widget elementor-widget-spacer\" data-id=\"32243ec\" data-element_type=\"widget\" data-e-type=\"widget\" data-widget_type=\"spacer.default\">\n\t\t\t\t\t\t\t<div class=\"elementor-spacer\">\n\t\t\t<div class=\"elementor-spacer-inner\"><\/div>\n\t\t<\/div>\n\t\t\t\t\t\t<\/div>\n\t\t\t\t\t<\/div>\n\t\t\t\t<\/div>\n\t\t\t\t<\/div>","protected":false},"excerpt":{"rendered":"<p>About Paragonix Earn The Beginning of Paragonix Earn We at Paragonix Earn have always considered ourselves to be pioneers in the field of digital currencies, and our group offers you a platform that operates in a unique way from the rest. We wanted to close a market gap and enable anyone to trade digital currency, [&hellip;]<\/p>\n","protected":false},"author":1,"featured_media":0,"parent":0,"menu_order":0,"comment_status":"closed","ping_status":"closed","template":"elementor_header_footer","meta":{"footnotes":""},"class_list":["post-12","page","type-page","status-publish","hentry"],"_links":{"self":[{"href":"https:\/\/www.paragonix-earn.pro\/pt\/wp-json\/wp\/v2\/pages\/12","targetHints":{"allow":["GET"]}}],"collection":[{"href":"https:\/\/www.paragonix-earn.pro\/pt\/wp-json\/wp\/v2\/pages"}],"about":[{"href":"https:\/\/www.paragonix-earn.pro\/pt\/wp-json\/wp\/v2\/types\/page"}],"author":[{"embeddable":true,"href":"https:\/\/www.paragonix-earn.pro\/pt\/wp-json\/wp\/v2\/users\/1"}],"replies":[{"embeddable":true,"href":"https:\/\/www.paragonix-earn.pro\/pt\/wp-json\/wp\/v2\/comments?post=12"}],"version-history":[{"count":10,"href":"https:\/\/www.paragonix-earn.pro\/pt\/wp-json\/wp\/v2\/pages\/12\/revisions"}],"predecessor-version":[{"id":519,"href":"https:\/\/www.paragonix-earn.pro\/pt\/wp-json\/wp\/v2\/pages\/12\/revisions\/519"}],"wp:attachment":[{"href":"https:\/\/www.paragonix-earn.pro\/pt\/wp-json\/wp\/v2\/media?parent=12"}],"curies":[{"name":"wp","href":"https:\/\/api.w.org\/{rel}","templated":true}]}}