{"id":18,"date":"2024-10-14T06:11:56","date_gmt":"2024-10-14T06:11:56","guid":{"rendered":"https:\/\/www.paragonix-earn.pro\/?page_id=18"},"modified":"2025-05-12T08:03:26","modified_gmt":"2025-05-12T08:03:26","slug":"geschaftsbedingungen","status":"publish","type":"page","link":"https:\/\/www.paragonix-earn.pro\/de\/terms-and-conditions\/","title":{"rendered":"Allgemeine Gesch\u00e4ftsbedingungen"},"content":{"rendered":"<div data-elementor-type=\"wp-page\" data-elementor-id=\"18\" class=\"elementor elementor-18\" data-elementor-post-type=\"page\">\n\t\t\t\t<div class=\"elementor-element elementor-element-48fce74 e-flex e-con-boxed e-con e-parent\" data-id=\"48fce74\" data-element_type=\"container\" data-e-type=\"container\" data-settings=\"{&quot;background_background&quot;:&quot;classic&quot;}\">\n\t\t\t\t\t<div class=\"e-con-inner\">\n\t\t\t\t<div class=\"elementor-element elementor-element-eb73a41 elementor-widget elementor-widget-heading\" data-id=\"eb73a41\" data-element_type=\"widget\" data-e-type=\"widget\" data-widget_type=\"heading.default\">\n\t\t\t\t\t<h1 class=\"elementor-heading-title elementor-size-default\">Allgemeine Gesch\u00e4ftsbedingungen<\/h1>\t\t\t\t<\/div>\n\t\t\t\t\t<\/div>\n\t\t\t\t<\/div>\n\t\t<div class=\"elementor-element elementor-element-1accaf3 e-flex e-con-boxed e-con e-parent\" data-id=\"1accaf3\" data-element_type=\"container\" data-e-type=\"container\">\n\t\t\t\t\t<div class=\"e-con-inner\">\n\t\t\t\t<div class=\"elementor-element elementor-element-261a61d elementor-widget elementor-widget-heading\" data-id=\"261a61d\" data-element_type=\"widget\" data-e-type=\"widget\" data-widget_type=\"heading.default\">\n\t\t\t\t\t<h2 class=\"elementor-heading-title elementor-size-default\">1. Allgemeines<\/h2>\t\t\t\t<\/div>\n\t\t\t\t<div class=\"elementor-element elementor-element-33a65a2 elementor-widget elementor-widget-text-editor\" data-id=\"33a65a2\" data-element_type=\"widget\" data-e-type=\"widget\" data-widget_type=\"text-editor.default\">\n\t\t\t\t\t\t\t\t\t<p><strong>1.1.<\/strong> Willkommen bei\u00a0<span class=\"domain\">paragonix-earn.pro<\/span>\u00a0(die \u201eWebsite\u201c).<br \/>Unsere E-Mail <a href=\"mailto:support@www.paragonix-earn.pro\">support@<span class=\"domain\">paragonixearn.pro<\/span><\/a><\/p><p><strong>1.2.<\/strong> Die Website enth\u00e4lt Informationen \u00fcber Plattformen von Drittanbietern (die\u00a0<b>\u201ePlattformen von Drittanbietern\u201c<\/b>) f\u00fcr den Handel (die\u00a0<b>\u201eDienstleistungen\u201c<\/b>).<\/p><p><strong>1.3.<\/strong> Diese Nutzungsbedingungen (die\u00a0<b>\"Bedingungen\"<\/b>) regieren Ihre (<b>\"Du\"<\/b>,\u00a0<b>\"Dein\"<\/b>\u00a0oder\u00a0<b>\"Benutzer\"<\/b>) Nutzung der Website oder der Dienste. Sie sollten diese Bedingungen vor der Nutzung der Dienste vollst\u00e4ndig und sorgf\u00e4ltig lesen. Bitte beachten Sie, dass diese Bedingungen eine rechtlich bindende Vereinbarung zwischen Ihnen und dem Betreiber der Website darstellen und dass Sie die Nutzung der Website unverz\u00fcglich einstellen m\u00fcssen, wenn Sie mit einer Bestimmung dieser Bedingungen nicht einverstanden sind. Durch die Nutzung der Website stimmen Sie den Bedingungen in ihrer jeweils g\u00fcltigen Fassung zu.<\/p><p>Diese Bedingungen beinhalten unsere Datenschutzrichtlinie. Indem Sie diesen Bedingungen zustimmen, best\u00e4tigen Sie, dass Sie auch unsere Datenschutzrichtlinie akzeptieren und ihr zustimmen (Sie k\u00f6nnen unsere Datenschutzrichtlinie einsehen, indem Sie <a href=\"https:\/\/www.paragonix-earn.pro\/de\/datenschutzrichtlinie\/\">Klicken Sie hier<\/a>).<\/p>\t\t\t\t\t\t\t\t<\/div>\n\t\t\t\t<div class=\"elementor-element elementor-element-1bcfafe elementor-widget elementor-widget-heading\" data-id=\"1bcfafe\" data-element_type=\"widget\" data-e-type=\"widget\" data-widget_type=\"heading.default\">\n\t\t\t\t\t<h2 class=\"elementor-heading-title elementor-size-default\">2. Teilnahmeberechtigung<\/h2>\t\t\t\t<\/div>\n\t\t\t\t<div class=\"elementor-element elementor-element-dcf3621 elementor-widget elementor-widget-text-editor\" data-id=\"dcf3621\" data-element_type=\"widget\" data-e-type=\"widget\" data-widget_type=\"text-editor.default\">\n\t\t\t\t\t\t\t\t\t<p><strong>2.1.<\/strong> Sie sind nur dann zur Nutzung der Website berechtigt, wenn Sie alle folgenden Bedingungen erf\u00fcllen:<br \/><br \/><strong>2.1.1.<\/strong> Sie sind mindestens 18 Jahre alt;<br \/><br \/><strong>2.1.2.<\/strong> Sie haben das Recht, die Befugnis und die F\u00e4higkeit, diese Bedingungen einzugehen und alle Bedingungen dieser Bedingungen einzuhalten;<br \/><br \/><strong>2.1.3.<\/strong> Die Nutzung der Website und\/oder der Dienste ist Ihnen gem\u00e4\u00df den Gesetzen des Landes, in dem Sie Ihren Wohnsitz oder Aufenthaltsort haben, w\u00e4hrend Sie die Website nutzen, nicht untersagt.<br \/><br \/><strong>2.2.<\/strong> Wir \u00fcbernehmen keine ausdr\u00fccklichen oder stillschweigenden Zusicherungen oder Gew\u00e4hrleistungen hinsichtlich der Rechtm\u00e4\u00dfigkeit der Website und\/oder der Dienste und\/oder der Nutzung der Website und\/oder der Dienste durch eine Person und sind nicht f\u00fcr eine etwaige illegale Nutzung der Website und\/oder der Dienste durch den Benutzer verantwortlich.<\/p>\t\t\t\t\t\t\t\t<\/div>\n\t\t\t\t<div class=\"elementor-element elementor-element-1bb6f8d elementor-widget elementor-widget-heading\" data-id=\"1bb6f8d\" data-element_type=\"widget\" data-e-type=\"widget\" data-widget_type=\"heading.default\">\n\t\t\t\t\t<h2 class=\"elementor-heading-title elementor-size-default\">3. Eingeschr\u00e4nkte Gebiete<\/h2>\t\t\t\t<\/div>\n\t\t\t\t<div class=\"elementor-element elementor-element-fc6d7ae elementor-widget elementor-widget-text-editor\" data-id=\"fc6d7ae\" data-element_type=\"widget\" data-e-type=\"widget\" data-widget_type=\"text-editor.default\">\n\t\t\t\t\t\t\t\t\t<p><strong>3.1.<\/strong> Ohne die Allgemeing\u00fcltigkeit des Vorstehenden zu beeintr\u00e4chtigen, k\u00f6nnen wir nach eigenem Ermessen die Verf\u00fcgbarkeit der Website und\/oder Dienste (oder eines Teils davon) einschr\u00e4nken auf: (i) alle Benutzer in jedem Gebiet (das\u00a0<b>\u201eEingeschr\u00e4nkte Gebiete\u201c<\/b>) und (ii) von denen wir vern\u00fcnftigerweise annehmen, dass sie rechtlichen, regulatorischen, Reputations- oder wirtschaftlichen Risiken ausgesetzt sein k\u00f6nnten.<br \/><br \/><strong>3.2<\/strong>. Wir k\u00f6nnen nach eigenem Ermessen zus\u00e4tzliche Anforderungen oder Bedingungen auferlegen, bevor wir Benutzer akzeptieren, die in bestimmten L\u00e4ndern wohnen oder aus bestimmten L\u00e4ndern stammen. Dar\u00fcber hinaus wird anerkannt, dass die Website und\/oder Dienste m\u00f6glicherweise nicht verf\u00fcgbar und\/oder blockiert sind, wenn Benutzer in die eingeschr\u00e4nkten Gebiete reisen.<\/p>\t\t\t\t\t\t\t\t<\/div>\n\t\t\t\t<div class=\"elementor-element elementor-element-6f1e612 elementor-widget elementor-widget-heading\" data-id=\"6f1e612\" data-element_type=\"widget\" data-e-type=\"widget\" data-widget_type=\"heading.default\">\n\t\t\t\t\t<h2 class=\"elementor-heading-title elementor-size-default\">4. Verbotene Aktivit\u00e4ten<\/h2>\t\t\t\t<\/div>\n\t\t\t\t<div class=\"elementor-element elementor-element-c5991ce elementor-widget elementor-widget-text-editor\" data-id=\"c5991ce\" data-element_type=\"widget\" data-e-type=\"widget\" data-widget_type=\"text-editor.default\">\n\t\t\t\t\t\t\t\t\t<p><strong>4.1.<\/strong> Sie verpflichten sich, die Website und die Dienste respektvoll zu nutzen und Folgendes zu unterlassen:<\/p><p><strong>4.1.1.<\/strong> Verlinken Sie auf die Website und\/oder nutzen Sie die Website zum Hochladen, Herunterladen, Verteilen, Ver\u00f6ffentlichen oder \u00dcbertragen <strong>(A)<\/strong> Informationen oder anderes Material in einer Weise, die gegen Rechte, einschlie\u00dflich geistiger Eigentumsrechte, Rechte zum Schutz der Privatsph\u00e4re oder sonstige Rechte, verst\u00f6\u00dft;<strong> (B)<\/strong> Informationen oder anderes Material in einer Weise, die gegen Rechte, einschlie\u00dflich geistiger Eigentumsrechte, Rechte zum Schutz der Privatsph\u00e4re oder sonstige Rechte, verst\u00f6\u00dft;<strong> (C)<\/strong> Informationen oder anderes Material, das Viren oder andere Software enth\u00e4lt, die unsere Computersysteme oder die Systeme Dritter besch\u00e4digen oder die Nutzung der Website durch andere einschr\u00e4nken oder verhindern kann; <strong>(D)<\/strong> Informationen oder anderes Material, das gegen ein Gesetz verst\u00f6\u00dft; oder <strong>e)<\/strong> Informationen oder anderes Material, das Werbung jeglicher Art enth\u00e4lt, ohne unsere vorherige schriftliche Zustimmung;<\/p><p><strong>4.1.2.<\/strong> L\u00f6schen oder \u00e4ndern Sie jegliche Zuschreibungen, rechtlichen Hinweise oder andere Eigentumsbezeichnungen oder -kennzeichnungen auf der Website;<\/p><p><strong>4.1.3.<\/strong> Nutzen Sie die Dienste \u00fcber eine andere Schnittstelle als die Website;<\/p><p><strong>4.1.4.<\/strong> Die Nutzung der Website und\/oder der Dienste durch andere Benutzer st\u00f6ren;<\/p><p class=\"pl-32\"><strong>4.1.5<\/strong>. Bots oder andere automatisierte Methoden verwenden, um auf die Website und\/oder die Dienste zuzugreifen oder diese zu nutzen;<\/p><p class=\"pl-32\"><strong>4.1.6.<\/strong> Ohne unsere ausdr\u00fcckliche Genehmigung Material hochzuladen oder zu \u00fcbertragen (oder hochzuladen oder zu \u00fcbertragen zu versuchen), das als passiver oder aktiver Mechanismus zur Sammlung oder \u00dcbertragung von Informationen fungiert, einschlie\u00dflich, aber nicht beschr\u00e4nkt auf Web-Bugs, Cookies oder andere \u00e4hnliche Spyware-Ger\u00e4te;<\/p><p class=\"pl-32\"><strong>4.1.7.<\/strong> Das Erscheinungsbild oder die Funktion der Dienste nicht durch \u201eFraming\u201c, \u201eMirroring\u201c oder auf andere Weise simulieren;<\/p><p class=\"pl-32\"><strong>4.1.8.<\/strong> Gegen geltende Gesetze oder Vorschriften versto\u00dfen, illegale Aktivit\u00e4ten f\u00f6rdern oder unterst\u00fctzen, einschlie\u00dflich, aber nicht beschr\u00e4nkt auf Urheberrechtsverletzungen, Markenrechtsverletzungen, Verleumdung, Verletzung der Privatsph\u00e4re, Identit\u00e4tsdiebstahl, Hacking, Cracking oder die Verbreitung gef\u00e4lschter Software;<\/p><p class=\"pl-32\"><strong>4.1.9.<\/strong> Nehmen Sie keine \u00c4nderungen vor und\/oder greifen Sie in irgendeiner Weise in den Quellcode der Website ein und laden Sie keine Software und\/oder Anwendungen hoch, die der Website oder Dritten schaden k\u00f6nnten.<\/p><p class=\"pl-32\"><strong>4.1.10.<\/strong> Software oder andere Technologien, die in der Website enthalten sind oder zur Bereitstellung der Dienste verwendet werden, disassemblieren, dekompilieren oder anderweitig zur\u00fcckentwickeln.<\/p><p class=\"pl-32\"><strong>4.2.<\/strong> Sie erkennen an, dass wir, unbeschadet etwaiger anderer uns m\u00f6glicherweise zustehender Rechte, im Falle, dass wir den Verdacht haben, dass Ihre Nutzung der Website nicht den Bestimmungen dieser Bedingungen oder geltenden Gesetzen entspricht, Ihre Nutzung der Website oder der Dienste nachverfolgen, Ihnen den Zugriff auf die Website verweigern, Ihre Verhaltensmuster auf der Website an Dritte weitergeben und alle anderen Ma\u00dfnahmen ergreifen k\u00f6nnen, die wir zum Schutz unseres Eigentums und\/oder unserer Rechte und\/oder der Rechte Dritter f\u00fcr angemessen erachten.<\/p>\t\t\t\t\t\t\t\t<\/div>\n\t\t\t\t<div class=\"elementor-element elementor-element-981de9c elementor-widget elementor-widget-heading\" data-id=\"981de9c\" data-element_type=\"widget\" data-e-type=\"widget\" data-widget_type=\"heading.default\">\n\t\t\t\t\t<h2 class=\"elementor-heading-title elementor-size-default\">5. Geistiges Eigentumsrecht<\/h2>\t\t\t\t<\/div>\n\t\t\t\t<div class=\"elementor-element elementor-element-ea735d1 elementor-widget elementor-widget-text-editor\" data-id=\"ea735d1\" data-element_type=\"widget\" data-e-type=\"widget\" data-widget_type=\"text-editor.default\">\n\t\t\t\t\t\t\t\t\t<p><strong>5.1.<\/strong> Die Website und ihre Inhalte, einschlie\u00dflich Videomaterialien, Texte, Fotos, Logos, Designs, Musik, T\u00f6ne, Abbildungen, Marken und alle anderen auf der Website enthaltenen Inhalte, sind durch unsere oder die geistigen Eigentumsrechte Dritter gesch\u00fctzt.<\/p><p><strong>5.2.<\/strong> Zwischen uns und dem Benutzer verbleiben alle Rechte, Titel und Anspr\u00fcche an der Website und den Diensten bei uns. Durch die Nutzung der Website und\/oder der Dienste erh\u00e4lt der Benutzer keine der in der Website und\/oder den Diensten enthaltenen geistigen Eigentumsrechte, mit Ausnahme des Rechts, die Website und\/oder die Dienste gem\u00e4\u00df den Bestimmungen dieser Bedingungen zu nutzen.<\/p><p><strong>5.3.<\/strong> Der Benutzer darf die Website und\/oder die Dienste nur f\u00fcr den pers\u00f6nlichen und nicht kommerziellen Gebrauch nutzen.<\/p><p><strong>5.4.<\/strong> Sie d\u00fcrfen die Inhalte der Website ohne unsere ausdr\u00fcckliche, vorherige schriftliche Zustimmung weder ganz noch teilweise \u00e4ndern, dekompilieren, disassemblieren, zur\u00fcckentwickeln, kopieren, \u00fcbertragen, abgeleitete Werke daraus erstellen, vermieten, unterlizenzieren, verteilen, reproduzieren oder gerahmt, erneut ver\u00f6ffentlichen, scrapen, herunterladen, anzeigen, \u00fcbermitteln, posten, verleasen oder verkaufen, und Sie d\u00fcrfen auch Dritten dies nicht gestatten. Die Inhalte der Website d\u00fcrfen ohne unsere ausdr\u00fcckliche, vorherige schriftliche Zustimmung nicht anderweitig verwerten.<\/p>\t\t\t\t\t\t\t\t<\/div>\n\t\t\t\t<div class=\"elementor-element elementor-element-298f029 elementor-widget elementor-widget-heading\" data-id=\"298f029\" data-element_type=\"widget\" data-e-type=\"widget\" data-widget_type=\"heading.default\">\n\t\t\t\t\t<h2 class=\"elementor-heading-title elementor-size-default\">6. Haftungsbeschr\u00e4nkung<\/h2>\t\t\t\t<\/div>\n\t\t\t\t<div class=\"elementor-element elementor-element-eb74056 elementor-widget elementor-widget-text-editor\" data-id=\"eb74056\" data-element_type=\"widget\" data-e-type=\"widget\" data-widget_type=\"text-editor.default\">\n\t\t\t\t\t\t\t\t\t<p><strong>6.1.<\/strong> Ihre Nutzung der Website und\/oder der Dienste erfolgt ausschlie\u00dflich auf Ihr Risiko. Soweit gesetzlich zul\u00e4ssig, lehnen wir ausdr\u00fcckliche oder stillschweigende Gew\u00e4hrleistungen in Bezug auf die Website und die Dienste und Ihre Nutzung derselben ab, einschlie\u00dflich stillschweigender Gew\u00e4hrleistungen f\u00fcr Marktg\u00e4ngigkeit, Eigentum, Eignung f\u00fcr einen bestimmten Zweck oder Nichtverletzung von Rechten, N\u00fctzlichkeit, Autorit\u00e4t, Genauigkeit, Vollst\u00e4ndigkeit und Aktualit\u00e4t. Dementsprechend werden die Dienste, einschlie\u00dflich aller Inhalte und Funktionen, die auf der Website verf\u00fcgbar gemacht oder \u00fcber sie abgerufen oder von ihr gesendet werden, \u201ewie besehen\u201c, \u201ewie verf\u00fcgbar\u201c und \u201emit allen Fehlern\u201c bereitgestellt.<\/p><p><strong>6.2.<\/strong> Ohne die Allgemeing\u00fcltigkeit des Vorstehenden zu beeintr\u00e4chtigen, \u00fcbernehmen wir keine Haftung oder Verantwortung f\u00fcr <strong>(A)<\/strong> Fehler, Irrt\u00fcmer oder Ungenauigkeiten in den Inhalten der Website; <strong>(B)<\/strong> jegliche Unterbrechung oder Einstellung der \u00dcbertragung zu oder von der Website oder \u00fcber die Dienste; <strong>(C)<\/strong> s\u00e4mtliche Bugs, Viren, Trojaner oder \u00c4hnliches, die von Dritten an oder \u00fcber die Website oder die Dienste \u00fcbertragen werden k\u00f6nnen.<\/p><p><strong>6.3.<\/strong> Sie erkl\u00e4ren sich damit einverstanden, uns von jeglichen Verlusten freizustellen, die Ihnen und\/oder Drittparteien direkt oder indirekt im Zusammenhang mit der Website und\/oder den Diensten entstehen, und Sie tragen die alleinige Verantwortung f\u00fcr alle Ihre Entscheidungen, die Sie auf Grundlage der Inhalte der Website und\/oder der Dienste treffen.<\/p><p><strong>6.4.<\/strong> In keinem Fall haften wir Ihnen oder Drittparteien gegen\u00fcber f\u00fcr spezielle, direkte, indirekte, zuf\u00e4llige, spezielle, Straf- oder Folgesch\u00e4den jeglicher Art, einschlie\u00dflich entgangener Gewinne oder Datenverluste, die sich aus Ihrer Nutzung der Website und\/oder der Services oder anderer Materialien ergeben, die auf der Website oder als Teil der Services abgerufen oder von der Website heruntergeladen werden, unabh\u00e4ngig davon, ob dies auf Garantie, Vertrag, unerlaubte Handlung oder jede andere Rechtstheorie beruht und unabh\u00e4ngig davon, ob wir auf die M\u00f6glichkeit dieser Sch\u00e4den hingewiesen wurden oder nicht. In F\u00e4llen, in denen uns eine Justizbeh\u00f6rde haftbar macht, betr\u00e4gt ihre Haftung h\u00f6chstens 100 USD. Die vorstehende Haftungsbeschr\u00e4nkung gilt im gr\u00f6\u00dftm\u00f6glichen, nach dem Recht der jeweiligen Rechtsordnung zul\u00e4ssigen Umfang.<\/p><p><strong>6.5.<\/strong> Wir sind nicht verantwortlich f\u00fcr Probleme oder technische St\u00f6rungen von Telefon- oder Netzwerkleitungen, Computer-Onlinesystemen, Servern oder Anbietern, Hardware, Software, Ausf\u00e4lle aufgrund technischer Probleme oder Verkehrs\u00fcberlastungen im Internet (oder Nichtverf\u00fcgbarkeit des Internets) oder Inkompatibilit\u00e4t zwischen der Website oder den Diensten und Ihrem Browser und\/oder anderen Ger\u00e4ten. Unbeschadet der Allgemeing\u00fcltigkeit des Vorstehenden \u00fcbernehmen wir keine Verantwortung oder Risiken f\u00fcr Ihre Nutzung des Internets.<\/p>\t\t\t\t\t\t\t\t<\/div>\n\t\t\t\t<div class=\"elementor-element elementor-element-cdcd3cf elementor-widget elementor-widget-heading\" data-id=\"cdcd3cf\" data-element_type=\"widget\" data-e-type=\"widget\" data-widget_type=\"heading.default\">\n\t\t\t\t\t<h2 class=\"elementor-heading-title elementor-size-default\">7. Dienste oder Inhalte Dritter<\/h2>\t\t\t\t<\/div>\n\t\t\t\t<div class=\"elementor-element elementor-element-1f741be elementor-widget elementor-widget-text-editor\" data-id=\"1f741be\" data-element_type=\"widget\" data-e-type=\"widget\" data-widget_type=\"text-editor.default\">\n\t\t\t\t\t\t\t\t\t<p><strong>7.1.<\/strong> W\u00e4hrend Sie die Dienste nutzen, k\u00f6nnen Sie sich Inhalte oder Dienste von Dritten ansehen, darunter auch Werbung und Rezensionen zu den Plattformen Dritter.<\/p><p><strong>7.2.<\/strong> Wir kontrollieren oder unterst\u00fctzen derartige Inhalte oder Dienste nicht und \u00fcbernehmen sie nicht immer, und sie sind m\u00f6glicherweise nicht immer richtig oder aktuell.<\/p><p><strong>7.3<\/strong>. Dementsprechend empfehlen wir Ihnen, alle Informationen selbstst\u00e4ndig zu pr\u00fcfen, bevor Sie sich darauf verlassen. Alle auf Grundlage dieser Informationen getroffenen Entscheidungen oder Ma\u00dfnahmen liegen in Ihrer alleinigen Verantwortung.<\/p>\t\t\t\t\t\t\t\t<\/div>\n\t\t\t\t<div class=\"elementor-element elementor-element-804e7f5 elementor-widget elementor-widget-heading\" data-id=\"804e7f5\" data-element_type=\"widget\" data-e-type=\"widget\" data-widget_type=\"heading.default\">\n\t\t\t\t\t<h2 class=\"elementor-heading-title elementor-size-default\">8. Links<\/h2>\t\t\t\t<\/div>\n\t\t\t\t<div class=\"elementor-element elementor-element-8d80902 elementor-widget elementor-widget-text-editor\" data-id=\"8d80902\" data-element_type=\"widget\" data-e-type=\"widget\" data-widget_type=\"text-editor.default\">\n\t\t\t\t\t\t\t\t\t<p><strong>8.1.<\/strong> Die Website kann Links, Inhalte, Anzeigen, Werbeaktionen, Logos und andere Materialien anderer Websites oder Software enthalten, die von Dritten kontrolliert oder angeboten werden (die \u201eLinks\u201c). Wir weisen Sie darauf hin, dass Sie die mit der Nutzung solcher Websites, Software oder Materialien verbundenen Risiken verstehen sollten, bevor Sie \u00fcber diese Websites oder Software oder auf der Grundlage solcher Materialien etwas abrufen, verwenden, sich darauf verlassen oder kaufen. Solche Links werden ausschlie\u00dflich zu Ihrer Bequemlichkeit bereitgestellt, und Sie erkl\u00e4ren sich damit einverstanden, dass Sie uns unter keinen Umst\u00e4nden f\u00fcr Verluste oder Sch\u00e4den haftbar machen, die durch die Nutzung oder das Vertrauen auf Inhalte, Waren oder Dienstleistungen entstehen, die auf anderen Websites oder Software verf\u00fcgbar sind.<\/p><p><strong>8.2.<\/strong> Die Aufnahme von Links in die Website stellt keine Billigung, Autorisierung, F\u00f6rderung, Zugeh\u00f6rigkeit oder sonstige Verbindung zwischen uns und diesen Websites, Software oder deren Betreibern dar.<\/p><p><strong>8.3.<\/strong> Wir haben diese Links nicht \u00fcberpr\u00fcft und sind nicht verantwortlich f\u00fcr den Inhalt der Websites oder Software, auf die verwiesen wird. Wir weisen Sie darauf hin, dass Sie sich \u00fcber die mit der Nutzung dieser Websites oder Software verbundenen Risiken im Klaren sein sollten, bevor Sie \u00fcber diese Websites oder Software etwas abrufen, verwenden, sich darauf verlassen oder etwas dar\u00fcber kaufen. Unter keinen Umst\u00e4nden haften Sie uns f\u00fcr Verluste oder Sch\u00e4den, die durch die Nutzung oder das Vertrauen auf Inhalte, Waren oder Dienstleistungen entstehen, die auf anderen Websites verf\u00fcgbar sind.<\/p><p><strong>8.4.<\/strong> Es liegt in Ihrer Verantwortung, die Bedingungen und Richtlinien dieser Websites Dritter zu \u00fcberpr\u00fcfen, und wir empfehlen Ihnen dringend, diese sorgf\u00e4ltig zu pr\u00fcfen, bevor Sie mit solchen Dritten in Kontakt treten.<\/p>\t\t\t\t\t\t\t\t<\/div>\n\t\t\t\t<div class=\"elementor-element elementor-element-85c18fb elementor-widget elementor-widget-heading\" data-id=\"85c18fb\" data-element_type=\"widget\" data-e-type=\"widget\" data-widget_type=\"heading.default\">\n\t\t\t\t\t<h2 class=\"elementor-heading-title elementor-size-default\">9. Sonstiges<\/h2>\t\t\t\t<\/div>\n\t\t\t\t<div class=\"elementor-element elementor-element-cc764b3 elementor-widget elementor-widget-text-editor\" data-id=\"cc764b3\" data-element_type=\"widget\" data-e-type=\"widget\" data-widget_type=\"text-editor.default\">\n\t\t\t\t\t\t\t\t\t<p><strong>9.1.<\/strong> Wir k\u00f6nnen von Zeit zu Zeit nach eigenem Ermessen alle Dienste erg\u00e4nzen, modifizieren oder einstellen und\/oder neue Dienste einf\u00fchren. Wir haften nicht f\u00fcr Verluste, die Ihnen durch solche \u00c4nderungen entstehen, und Sie haben diesbez\u00fcglich keine Anspr\u00fcche gegen uns.<\/p><p><strong>9.2.<\/strong> Podemos modificar estes Termos de tempos em tempos. Quando o fizermos, forneceremos um aviso a Voc\u00ea publicando a vers\u00e3o mais atual e revisando a data no topo desta p\u00e1gina e quaisquer modifica\u00e7\u00f5es entrar\u00e3o em vigor imediatamente ap\u00f3s tal publica\u00e7\u00e3o. Ao continuar a usar o Site ap\u00f3s quaisquer altera\u00e7\u00f5es entrarem em vigor, Voc\u00ea \u00e9 considerado como concordando com os Termos revisados.<\/p><p><strong>9.3.<\/strong> Der Benutzer erkl\u00e4rt sich damit einverstanden, dass durch die \u00dcbermittlung von Informationen an oder von der Website keine Beziehung entsteht, die von den in diesen Bedingungen festgelegten Beziehungen abweicht.<\/p><p><strong>9.4.<\/strong> Diese Bedingungen und die Datenschutzrichtlinie in der jeweils g\u00fcltigen Fassung stellen die einzigen g\u00fcltigen Vereinbarungen zwischen uns und dem Benutzer dar, und keine Zusicherung, kein Versprechen, keine Zustimmung oder Verpflichtung, ob schriftlich oder m\u00fcndlich, die nicht in den Bedingungen der Datenschutzrichtlinie enthalten ist, ist f\u00fcr die Parteien bindend.<\/p><p><strong>9.5.<\/strong> Ein Vers\u00e4umnis oder eine Verz\u00f6gerung unsererseits bei der Aus\u00fcbung jeglicher Rechte, Befugnisse oder Rechtsmittel hierunter stellt keinen Verzicht darauf dar, noch schlie\u00dft die einzelne oder teilweise Aus\u00fcbung solcher Rechte, Befugnisse oder Rechtsmittel die andere oder weitere Aus\u00fcbung derselben oder die Aus\u00fcbung jeglicher anderer Rechte, Befugnisse oder Rechtsmittel aus.<\/p><p><strong>9.6.<\/strong> Wird eine Bestimmung dieser Bedingungen von einem zust\u00e4ndigen Gericht nach geltendem Recht f\u00fcr nicht durchsetzbar befunden, so wird diese Bestimmung von diesen Bedingungen ausgeschlossen und die \u00fcbrigen Bedingungen werden so ausgelegt, als ob die Bestimmung ausgeschlossen w\u00e4re und sind gem\u00e4\u00df ihren Bestimmungen durchsetzbar; vorausgesetzt jedoch, dass in einem solchen Fall diese Bedingungen so ausgelegt werden, dass sie der Bedeutung und Absicht der ausgeschlossenen Bestimmung, wie sie von dem zust\u00e4ndigen Gericht festgelegt wurde, im gr\u00f6\u00dftm\u00f6glichen, mit dem geltenden Recht vereinbaren und nach diesem zul\u00e4ssigen Umfang Geltung verschaffen.<\/p><p><strong>9.7.<\/strong> Wir k\u00f6nnen alle unsere Rechte und Pflichten hierunter an Dritte \u00fcbertragen oder abtreten; unbeschadet des Vorstehenden k\u00f6nnen die Website und\/oder alle Dienste von Dritten betrieben werden. Sie d\u00fcrfen Ihre Rechte oder Pflichten aus diesen Bedingungen in keiner Weise \u00fcbertragen, abtreten oder verpf\u00e4nden.<\/p>\t\t\t\t\t\t\t\t<\/div>\n\t\t\t\t<div class=\"elementor-element elementor-element-18dab9b elementor-widget elementor-widget-spacer\" data-id=\"18dab9b\" data-element_type=\"widget\" data-e-type=\"widget\" data-widget_type=\"spacer.default\">\n\t\t\t\t\t\t\t<div class=\"elementor-spacer\">\n\t\t\t<div class=\"elementor-spacer-inner\"><\/div>\n\t\t<\/div>\n\t\t\t\t\t\t<\/div>\n\t\t\t\t\t<\/div>\n\t\t\t\t<\/div>\n\t\t\t\t<\/div>","protected":false},"excerpt":{"rendered":"<p>Terms and Conditions 1. General 1.1. Welcome to\u00a0paragonix-earn.pro\u00a0(the &#8220;Website&#8221;).Our email support@paragonixearn.pro 1.2. The Website includes information about third-party platforms (the\u00a0&#8220;Third-Party Platforms&#8221;) for trading (the\u00a0&#8220;Services&#8221;). 1.3. These terms of use (the\u00a0&#8220;Terms&#8221;) govern your (&#8220;You&#8221;,\u00a0&#8220;Your&#8221;\u00a0or\u00a0&#8220;User&#8221;) use of the Website or the Services. These Terms should be read carefully by You in their entirety prior to Your use [&hellip;]<\/p>\n","protected":false},"author":1,"featured_media":0,"parent":0,"menu_order":0,"comment_status":"closed","ping_status":"closed","template":"elementor_header_footer","meta":{"footnotes":""},"class_list":["post-18","page","type-page","status-publish","hentry"],"_links":{"self":[{"href":"https:\/\/www.paragonix-earn.pro\/de\/wp-json\/wp\/v2\/pages\/18","targetHints":{"allow":["GET"]}}],"collection":[{"href":"https:\/\/www.paragonix-earn.pro\/de\/wp-json\/wp\/v2\/pages"}],"about":[{"href":"https:\/\/www.paragonix-earn.pro\/de\/wp-json\/wp\/v2\/types\/page"}],"author":[{"embeddable":true,"href":"https:\/\/www.paragonix-earn.pro\/de\/wp-json\/wp\/v2\/users\/1"}],"replies":[{"embeddable":true,"href":"https:\/\/www.paragonix-earn.pro\/de\/wp-json\/wp\/v2\/comments?post=18"}],"version-history":[{"count":10,"href":"https:\/\/www.paragonix-earn.pro\/de\/wp-json\/wp\/v2\/pages\/18\/revisions"}],"predecessor-version":[{"id":534,"href":"https:\/\/www.paragonix-earn.pro\/de\/wp-json\/wp\/v2\/pages\/18\/revisions\/534"}],"wp:attachment":[{"href":"https:\/\/www.paragonix-earn.pro\/de\/wp-json\/wp\/v2\/media?parent=18"}],"curies":[{"name":"wp","href":"https:\/\/api.w.org\/{rel}","templated":true}]}}