{"id":12,"date":"2024-10-14T06:11:12","date_gmt":"2024-10-14T06:11:12","guid":{"rendered":"https:\/\/www.paragonix-earn.pro\/?page_id=12"},"modified":"2025-05-12T07:54:08","modified_gmt":"2025-05-12T07:54:08","slug":"uber-uns","status":"publish","type":"page","link":"https:\/\/www.paragonix-earn.pro\/de\/about-us\/","title":{"rendered":"\u00dcber uns"},"content":{"rendered":"<div data-elementor-type=\"wp-page\" data-elementor-id=\"12\" class=\"elementor elementor-12\" data-elementor-post-type=\"page\">\n\t\t\t\t<div class=\"elementor-element elementor-element-96797fc e-flex e-con-boxed e-con e-parent\" data-id=\"96797fc\" data-element_type=\"container\" data-e-type=\"container\">\n\t\t\t\t\t<div class=\"e-con-inner\">\n\t\t\t\t<div class=\"elementor-element elementor-element-6336eca elementor-widget elementor-widget-heading\" data-id=\"6336eca\" data-element_type=\"widget\" data-e-type=\"widget\" data-widget_type=\"heading.default\">\n\t\t\t\t\t<h1 class=\"elementor-heading-title elementor-size-default\"><span style=\"color: black\"> Um <\/span>Paragonix Earn<\/h1>\t\t\t\t<\/div>\n\t\t\t\t<div class=\"elementor-element elementor-element-fa4d4b3 elementor-widget elementor-widget-image\" data-id=\"fa4d4b3\" data-element_type=\"widget\" data-e-type=\"widget\" data-widget_type=\"image.default\">\n\t\t\t\t\t\t\t\t\t\t\t\t\t\t\t<img fetchpriority=\"high\" decoding=\"async\" width=\"660\" height=\"440\" src=\"https:\/\/www.paragonix-earn.pro\/wp-content\/uploads\/2024\/10\/About-paragonix-earn.webp\" class=\"attachment-full size-full wp-image-319\" alt=\"Paragonix Earn Investment\" srcset=\"https:\/\/www.paragonix-earn.pro\/wp-content\/uploads\/2024\/10\/About-paragonix-earn.webp 660w, https:\/\/www.paragonix-earn.pro\/wp-content\/uploads\/2024\/10\/About-paragonix-earn-300x200.webp 300w\" sizes=\"(max-width: 660px) 100vw, 660px\" \/>\t\t\t\t\t\t\t\t\t\t\t\t\t\t\t<\/div>\n\t\t\t\t\t<\/div>\n\t\t\t\t<\/div>\n\t\t<div class=\"elementor-element elementor-element-d012534 e-flex e-con-boxed e-con e-parent\" data-id=\"d012534\" data-element_type=\"container\" data-e-type=\"container\">\n\t\t\t\t\t<div class=\"e-con-inner\">\n\t\t<div class=\"elementor-element elementor-element-350f933 e-con-full e-flex e-con e-child\" data-id=\"350f933\" data-element_type=\"container\" data-e-type=\"container\">\n\t\t\t\t<div class=\"elementor-element elementor-element-313340b elementor-widget elementor-widget-heading\" data-id=\"313340b\" data-element_type=\"widget\" data-e-type=\"widget\" data-widget_type=\"heading.default\">\n\t\t\t\t\t<h2 class=\"elementor-heading-title elementor-size-default\"><span style=\"color: black\"> Der Beginn von <\/span>Paragonix Earn<\/h2>\t\t\t\t<\/div>\n\t\t\t\t<div class=\"elementor-element elementor-element-0bbd604 elementor-widget__width-initial elementor-widget-tablet__width-initial elementor-widget-mobile__width-initial elementor-widget elementor-widget-text-editor\" data-id=\"0bbd604\" data-element_type=\"widget\" data-e-type=\"widget\" data-widget_type=\"text-editor.default\">\n\t\t\t\t\t\t\t\t\t<p>Wir bei Paragonix Earn haben uns immer als Pioniere auf dem Gebiet der digitalen W\u00e4hrungen betrachtet und unsere Gruppe bietet Ihnen eine Plattform, die auf eine Weise funktioniert, die sich von den anderen unterscheidet.<\/p>\t\t\t\t\t\t\t\t<\/div>\n\t\t\t\t<\/div>\n\t\t<div class=\"elementor-element elementor-element-4b52055 e-con-full e-flex e-con e-child\" data-id=\"4b52055\" data-element_type=\"container\" data-e-type=\"container\">\n\t\t\t\t<div class=\"elementor-element elementor-element-399e9c7 elementor-widget elementor-widget-text-editor\" data-id=\"399e9c7\" data-element_type=\"widget\" data-e-type=\"widget\" data-widget_type=\"text-editor.default\">\n\t\t\t\t\t\t\t\t\t<p>Wir wollten eine Marktl\u00fccke schlie\u00dfen und jedem den Handel mit digitalen W\u00e4hrungen erm\u00f6glichen, also machten wir uns daran, unsere Plattform aufzubauen. Neben der Entwicklung von Paragonix Earn sind wir begeisterte Anh\u00e4nger der Blockchain- und digitalen W\u00e4hrungstechnologien. Wir m\u00f6chten Teil der Bewegung sein, die eines Tages die Welt wirklich ver\u00e4ndern wird.<\/p><p>Angesichts der aktuellen Marktlage und der j\u00fcngsten Ver\u00e4nderungen gehen wir davon aus, dass der Handel mit digitalen W\u00e4hrungen in Zukunft haupts\u00e4chlich online stattfinden wird. Wir unternehmen gro\u00dfe Anstrengungen, um sicherzustellen, dass sich die digitale W\u00e4hrung weiterentwickelt und f\u00fcr alle an Wert gewinnt.<\/p>\t\t\t\t\t\t\t\t<\/div>\n\t\t\t\t<\/div>\n\t\t\t\t\t<\/div>\n\t\t\t\t<\/div>\n\t\t<div class=\"elementor-element elementor-element-a38049d e-flex e-con-boxed e-con e-parent\" data-id=\"a38049d\" data-element_type=\"container\" data-e-type=\"container\" data-settings=\"{&quot;background_background&quot;:&quot;classic&quot;}\">\n\t\t\t\t\t<div class=\"e-con-inner\">\n\t\t<div class=\"elementor-element elementor-element-def838b e-con-full e-flex e-con e-child\" data-id=\"def838b\" data-element_type=\"container\" data-e-type=\"container\">\n\t\t\t\t<div class=\"elementor-element elementor-element-34de1c9 elementor-widget elementor-widget-heading\" data-id=\"34de1c9\" data-element_type=\"widget\" data-e-type=\"widget\" data-widget_type=\"heading.default\">\n\t\t\t\t\t<h2 class=\"elementor-heading-title elementor-size-default\">Die Zukunft sieht rosig aus<\/h2>\t\t\t\t<\/div>\n\t\t\t\t<div class=\"elementor-element elementor-element-c892484 elementor-widget__width-initial elementor-widget-tablet__width-initial elementor-widget-mobile__width-initial elementor-widget elementor-widget-text-editor\" data-id=\"c892484\" data-element_type=\"widget\" data-e-type=\"widget\" data-widget_type=\"text-editor.default\">\n\t\t\t\t\t\t\t\t\t<p>Wir bei Paragonix Earn glauben, dass die Zukunft rosig aussieht. Wir freuen uns, berichten zu k\u00f6nnen, dass die von uns geschaffene Plattform viel Anklang gefunden hat und dass sich unsere Bem\u00fchungen gelohnt haben. Unsere Gruppe ist gespannt, was als N\u00e4chstes kommt.<\/p>\t\t\t\t\t\t\t\t<\/div>\n\t\t\t\t<div class=\"elementor-element elementor-element-58b3594 elementor-widget elementor-widget-text-editor\" data-id=\"58b3594\" data-element_type=\"widget\" data-e-type=\"widget\" data-widget_type=\"text-editor.default\">\n\t\t\t\t\t\t\t\t\t<p>Eines unserer Ziele ist die Ausweitung der digitalen W\u00e4hrungsbildung, damit H\u00e4ndler fundiertere Entscheidungen treffen k\u00f6nnen. Dies gilt insbesondere f\u00fcr Neueinsteiger, da es unser Ziel ist, sie im Bereich der digitalen W\u00e4hrungen erfolgreich zu machen.<\/p><p>Eines unserer Ziele mit der Website ist es, Menschen \u00fcber Investitionen aufzukl\u00e4ren. Wir m\u00f6chten Menschen zum Erfolg verhelfen, indem wir ihnen die Vorteile digitaler W\u00e4hrungen und ihre Funktionsweise erkl\u00e4ren. Wir m\u00f6chten unsere Position als Marktf\u00fchrer in unserem Bereich behaupten und gleichzeitig andere aufkl\u00e4ren.<\/p><p>Bitcoin erfreut sich weltweit immer gr\u00f6\u00dferer Beliebtheit und wir w\u00fcrden uns geehrt f\u00fchlen, zu den Unternehmen zu geh\u00f6ren, die diesen Wandel vorantreiben. Unser Ziel ist es, die Website zu werden, auf der jeder die Entwicklung verfolgen und gewinnbringende Trades abschlie\u00dfen kann.<\/p>\t\t\t\t\t\t\t\t<\/div>\n\t\t\t\t<\/div>\n\t\t<div class=\"elementor-element elementor-element-bec3da5 e-con-full e-flex e-con e-child\" data-id=\"bec3da5\" data-element_type=\"container\" data-e-type=\"container\" data-settings=\"{&quot;background_background&quot;:&quot;classic&quot;}\">\n\t\t\t\t<div class=\"elementor-element elementor-element-522bfb6 elementor-widget elementor-widget-spacer\" data-id=\"522bfb6\" data-element_type=\"widget\" data-e-type=\"widget\" data-widget_type=\"spacer.default\">\n\t\t\t\t\t\t\t<div class=\"elementor-spacer\">\n\t\t\t<div class=\"elementor-spacer-inner\"><\/div>\n\t\t<\/div>\n\t\t\t\t\t\t<\/div>\n\t\t\t\t<\/div>\n\t\t\t\t\t<\/div>\n\t\t\t\t<\/div>\n\t\t<div class=\"elementor-element elementor-element-bfdea66 e-flex e-con-boxed e-con e-parent\" data-id=\"bfdea66\" data-element_type=\"container\" data-e-type=\"container\">\n\t\t\t\t\t<div class=\"e-con-inner\">\n\t\t\t\t<div class=\"elementor-element elementor-element-5bb6b0f elementor-widget elementor-widget-heading\" data-id=\"5bb6b0f\" data-element_type=\"widget\" data-e-type=\"widget\" data-widget_type=\"heading.default\">\n\t\t\t\t\t<h2 class=\"elementor-heading-title elementor-size-default\">Paragonix Earn liefert  <span style=\"color: black\">Seine Versprechen<\/span><\/h2>\t\t\t\t<\/div>\n\t\t\t\t<div class=\"elementor-element elementor-element-18c981f elementor-widget elementor-widget-text-editor\" data-id=\"18c981f\" data-element_type=\"widget\" data-e-type=\"widget\" data-widget_type=\"text-editor.default\">\n\t\t\t\t\t\t\t\t\t<p>Bei Paragonix Earn versprechen wir, transparent zu bleiben, genaue Daten bereitzustellen, praktisch zu bleiben und unsere Leidenschaft f\u00fcr Kryptow\u00e4hrungen zu nutzen, um eine gro\u00dfartige Handelsplattform bereitzustellen.<\/p>\t\t\t\t\t\t\t\t<\/div>\n\t\t\t\t<div class=\"elementor-element elementor-element-57105c3 elementor-widget elementor-widget-text-editor\" data-id=\"57105c3\" data-element_type=\"widget\" data-e-type=\"widget\" data-widget_type=\"text-editor.default\">\n\t\t\t\t\t\t\t\t\t<p>Wir unterscheiden uns dadurch, dass wir danach streben, das Beste im Krypto-Handel anzubieten, und wir versuchen, eine unterst\u00fctzende und integrative Umgebung zu f\u00f6rdern, die Ihnen hilft, weiterhin etwas \u00fcber Kryptow\u00e4hrungen zu lernen. Im Gegensatz zu anderen Unternehmen, die zu viel versprechen und ihre Versprechen nicht einhalten, setzt Paragonix Earn realistische Erwartungen, versucht aber immer, bei allem, was sie tun, mehr zu leisten.<\/p>\t\t\t\t\t\t\t\t<\/div>\n\t\t\t\t<div class=\"elementor-element elementor-element-32243ec elementor-widget elementor-widget-spacer\" data-id=\"32243ec\" data-element_type=\"widget\" data-e-type=\"widget\" data-widget_type=\"spacer.default\">\n\t\t\t\t\t\t\t<div class=\"elementor-spacer\">\n\t\t\t<div class=\"elementor-spacer-inner\"><\/div>\n\t\t<\/div>\n\t\t\t\t\t\t<\/div>\n\t\t\t\t\t<\/div>\n\t\t\t\t<\/div>\n\t\t\t\t<\/div>","protected":false},"excerpt":{"rendered":"<p>About Paragonix Earn The Beginning of Paragonix Earn We at Paragonix Earn have always considered ourselves to be pioneers in the field of digital currencies, and our group offers you a platform that operates in a unique way from the rest. We wanted to close a market gap and enable anyone to trade digital currency, [&hellip;]<\/p>\n","protected":false},"author":1,"featured_media":0,"parent":0,"menu_order":0,"comment_status":"closed","ping_status":"closed","template":"elementor_header_footer","meta":{"footnotes":""},"class_list":["post-12","page","type-page","status-publish","hentry"],"_links":{"self":[{"href":"https:\/\/www.paragonix-earn.pro\/de\/wp-json\/wp\/v2\/pages\/12","targetHints":{"allow":["GET"]}}],"collection":[{"href":"https:\/\/www.paragonix-earn.pro\/de\/wp-json\/wp\/v2\/pages"}],"about":[{"href":"https:\/\/www.paragonix-earn.pro\/de\/wp-json\/wp\/v2\/types\/page"}],"author":[{"embeddable":true,"href":"https:\/\/www.paragonix-earn.pro\/de\/wp-json\/wp\/v2\/users\/1"}],"replies":[{"embeddable":true,"href":"https:\/\/www.paragonix-earn.pro\/de\/wp-json\/wp\/v2\/comments?post=12"}],"version-history":[{"count":10,"href":"https:\/\/www.paragonix-earn.pro\/de\/wp-json\/wp\/v2\/pages\/12\/revisions"}],"predecessor-version":[{"id":519,"href":"https:\/\/www.paragonix-earn.pro\/de\/wp-json\/wp\/v2\/pages\/12\/revisions\/519"}],"wp:attachment":[{"href":"https:\/\/www.paragonix-earn.pro\/de\/wp-json\/wp\/v2\/media?parent=12"}],"curies":[{"name":"wp","href":"https:\/\/api.w.org\/{rel}","templated":true}]}}