{"id":18,"date":"2024-10-14T06:11:56","date_gmt":"2024-10-14T06:11:56","guid":{"rendered":"https:\/\/www.paragonix-earn.pro\/?page_id=18"},"modified":"2025-05-12T08:03:26","modified_gmt":"2025-05-12T08:03:26","slug":"terminos-y-condiciones","status":"publish","type":"page","link":"https:\/\/www.paragonix-earn.pro\/ar\/terms-and-conditions\/","title":{"rendered":"T\u00e9rminos y condiciones"},"content":{"rendered":"<div data-elementor-type=\"wp-page\" data-elementor-id=\"18\" class=\"elementor elementor-18\" data-elementor-post-type=\"page\">\n\t\t\t\t<div class=\"elementor-element elementor-element-48fce74 e-flex e-con-boxed e-con e-parent\" data-id=\"48fce74\" data-element_type=\"container\" data-e-type=\"container\" data-settings=\"{&quot;background_background&quot;:&quot;classic&quot;}\">\n\t\t\t\t\t<div class=\"e-con-inner\">\n\t\t\t\t<div class=\"elementor-element elementor-element-eb73a41 elementor-widget elementor-widget-heading\" data-id=\"eb73a41\" data-element_type=\"widget\" data-e-type=\"widget\" data-widget_type=\"heading.default\">\n\t\t\t\t\t<h1 class=\"elementor-heading-title elementor-size-default\">T\u00e9rminos y condiciones<\/h1>\t\t\t\t<\/div>\n\t\t\t\t\t<\/div>\n\t\t\t\t<\/div>\n\t\t<div class=\"elementor-element elementor-element-1accaf3 e-flex e-con-boxed e-con e-parent\" data-id=\"1accaf3\" data-element_type=\"container\" data-e-type=\"container\">\n\t\t\t\t\t<div class=\"e-con-inner\">\n\t\t\t\t<div class=\"elementor-element elementor-element-261a61d elementor-widget elementor-widget-heading\" data-id=\"261a61d\" data-element_type=\"widget\" data-e-type=\"widget\" data-widget_type=\"heading.default\">\n\t\t\t\t\t<h2 class=\"elementor-heading-title elementor-size-default\">1. General<\/h2>\t\t\t\t<\/div>\n\t\t\t\t<div class=\"elementor-element elementor-element-33a65a2 elementor-widget elementor-widget-text-editor\" data-id=\"33a65a2\" data-element_type=\"widget\" data-e-type=\"widget\" data-widget_type=\"text-editor.default\">\n\t\t\t\t\t\t\t\t\t<p><strong>1.1.<\/strong> Bienvenido a\u00a0<span class=\"domain\">paragonix-earn.pro<\/span>\u00a0(el \u201cSitio Web\u201d).<br \/>Nuestro correo electr\u00f3nico <a href=\"mailto:support@www.paragonix-earn.pro\">support@<span class=\"domain\">paragonixearn.pro<\/span><\/a><\/p><p><strong>1.2.<\/strong> El sitio web incluye informaci\u00f3n sobre plataformas de terceros (la\u00a0<b>\u201cPlataformas de terceros\u201d<\/b>) para el comercio (el\u00a0<b>\"Servicios\"<\/b>).<\/p><p><strong>1.3.<\/strong> Estos t\u00e9rminos de uso (los\u00a0<b>\"T\u00e9rminos\"<\/b>) gobiernan tu (<b>\"T\u00fa\"<\/b>,\u00a0<b>\"Su\"<\/b>\u00a0o\u00a0<b>\"Usuario\"<\/b>) uso del Sitio web o de los Servicios. Usted debe leer atentamente estos T\u00e9rminos en su totalidad antes de utilizar los Servicios. Tenga en cuenta que estos T\u00e9rminos constituyen un acuerdo legalmente vinculante entre Usted y el operador del Sitio web y que si no est\u00e1 de acuerdo con alguna disposici\u00f3n de estos T\u00e9rminos, deber\u00e1 dejar de usar el Sitio web de inmediato. Al utilizar el Sitio web, Usted acepta los T\u00e9rminos, con sus modificaciones peri\u00f3dicas.<\/p><p>Estos T\u00e9rminos incorporan Nuestra Pol\u00edtica de Privacidad y al aceptar estos T\u00e9rminos, Usted confirma que tambi\u00e9n acepta y est\u00e1 de acuerdo con Nuestra Pol\u00edtica de Privacidad (Puede revisar Nuestra Pol\u00edtica de Privacidad en <a href=\"https:\/\/www.paragonix-earn.pro\/ar\/politica-de-privacidad\/\">haciendo clic aqu\u00ed<\/a>).<\/p>\t\t\t\t\t\t\t\t<\/div>\n\t\t\t\t<div class=\"elementor-element elementor-element-1bcfafe elementor-widget elementor-widget-heading\" data-id=\"1bcfafe\" data-element_type=\"widget\" data-e-type=\"widget\" data-widget_type=\"heading.default\">\n\t\t\t\t\t<h2 class=\"elementor-heading-title elementor-size-default\">2. Elegibilidad<\/h2>\t\t\t\t<\/div>\n\t\t\t\t<div class=\"elementor-element elementor-element-dcf3621 elementor-widget elementor-widget-text-editor\" data-id=\"dcf3621\" data-element_type=\"widget\" data-e-type=\"widget\" data-widget_type=\"text-editor.default\">\n\t\t\t\t\t\t\t\t\t<p><strong>2.1.<\/strong> Usted solo tiene derecho a utilizar el sitio web si cumple con todo lo siguiente:<br \/><br \/><strong>2.1.1.<\/strong> Tienes al menos 18 a\u00f1os de edad;<br \/><br \/><strong>2.1.2.<\/strong> Usted tiene el derecho, la autoridad y la capacidad de aceptar estos T\u00e9rminos y cumplir con todos los t\u00e9rminos y condiciones de estos T\u00e9rminos;<br \/><br \/><strong>2.1.3.<\/strong> No se le proh\u00edbe utilizar el Sitio web y\/o los Servicios de conformidad con las leyes del pa\u00eds en el que reside o se encuentra mientras utiliza el Sitio web.<br \/><br \/><strong>2.2.<\/strong> No hacemos declaraciones ni ofrecemos garant\u00edas, expresas o impl\u00edcitas, sobre la legalidad del Sitio web y\/o los Servicios y\/o del uso que cualquier persona haga del Sitio web y\/o los Servicios, y no seremos responsables de ning\u00fan uso ilegal del Sitio web y\/o los Servicios por parte del Usuario.<\/p>\t\t\t\t\t\t\t\t<\/div>\n\t\t\t\t<div class=\"elementor-element elementor-element-1bb6f8d elementor-widget elementor-widget-heading\" data-id=\"1bb6f8d\" data-element_type=\"widget\" data-e-type=\"widget\" data-widget_type=\"heading.default\">\n\t\t\t\t\t<h2 class=\"elementor-heading-title elementor-size-default\">3. Territorios restringidos<\/h2>\t\t\t\t<\/div>\n\t\t\t\t<div class=\"elementor-element elementor-element-fc6d7ae elementor-widget elementor-widget-text-editor\" data-id=\"fc6d7ae\" data-element_type=\"widget\" data-e-type=\"widget\" data-widget_type=\"text-editor.default\">\n\t\t\t\t\t\t\t\t\t<p><strong>3.1.<\/strong> Sin perjuicio de la generalidad de lo anterior, podemos, a nuestra entera discreci\u00f3n, restringir la disponibilidad del Sitio web y\/o los Servicios (o cualquier parte de los mismos) a: (i) cualquier Usuario en cualquier territorio (el\u00a0<b>\u201cTerritorios restringidos\u201d<\/b>), y (ii) quienes razonablemente creamos que pueden exponerlo a riesgos legales, regulatorios, de reputaci\u00f3n o econ\u00f3micos.<br \/><br \/><strong>3.2<\/strong>Podemos imponer requisitos o condiciones adicionales antes de aceptar Usuarios que residan en o sean originarios de pa\u00edses espec\u00edficos a nuestra entera discreci\u00f3n. Adem\u00e1s, se reconoce que si alg\u00fan Usuario viaja a los Territorios Restringidos, el Sitio Web y\/o los Servicios pueden no estar disponibles y\/o bloqueados en ellos.<\/p>\t\t\t\t\t\t\t\t<\/div>\n\t\t\t\t<div class=\"elementor-element elementor-element-6f1e612 elementor-widget elementor-widget-heading\" data-id=\"6f1e612\" data-element_type=\"widget\" data-e-type=\"widget\" data-widget_type=\"heading.default\">\n\t\t\t\t\t<h2 class=\"elementor-heading-title elementor-size-default\">4. Actividades prohibidas<\/h2>\t\t\t\t<\/div>\n\t\t\t\t<div class=\"elementor-element elementor-element-c5991ce elementor-widget elementor-widget-text-editor\" data-id=\"c5991ce\" data-element_type=\"widget\" data-e-type=\"widget\" data-widget_type=\"text-editor.default\">\n\t\t\t\t\t\t\t\t\t<p><strong>4.1.<\/strong> Usted se compromete a utilizar el Sitio Web y los Servicios de manera respetuosa y se compromete a no:<\/p><p><strong>4.1.1.<\/strong> Vincularse al Sitio web y\/o utilizar el Sitio web con el prop\u00f3sito de cargar, descargar, distribuir, publicar o transmitir <strong>(uno)<\/strong> informaci\u00f3n u otro material de una manera que viole cualquier derecho, incluidos los derechos de propiedad intelectual, los derechos de protecci\u00f3n de la privacidad o cualquier otro derecho;<strong> (b)<\/strong> informaci\u00f3n u otro material de una manera que viole cualquier derecho, incluidos los derechos de propiedad intelectual, los derechos de protecci\u00f3n de la privacidad o cualquier otro derecho;<strong> (do)<\/strong> informaci\u00f3n u otro material que incluya un virus u otro software que pueda da\u00f1ar nuestros sistemas inform\u00e1ticos o los de terceros o de una manera que pueda restringir o impedir que otros utilicen el sitio web; <strong>(d)<\/strong> informaci\u00f3n u otro material que viole cualquier ley; o <strong>(mi)<\/strong> informaci\u00f3n u otro material que incluya publicidad de cualquier tipo sin nuestro permiso previo por escrito;<\/p><p><strong>4.1.2.<\/strong> Eliminar o modificar cualquier atribuci\u00f3n, aviso legal u otras designaciones o etiquetas de propiedad en el Sitio web;<\/p><p><strong>4.1.3.<\/strong> Utilizar los Servicios mediante cualquier interfaz que no sea el Sitio web;<\/p><p><strong>4.1.4.<\/strong> Interferir con el uso del Sitio Web y\/o de los Servicios por parte de otros Usuarios;<\/p><p class=\"pl-32\"><strong>4.1.5<\/strong>. Utilizar bots u otros m\u00e9todos automatizados para acceder o utilizar el Sitio web y\/o los Servicios;<\/p><p class=\"pl-32\"><strong>4.1.6.<\/strong> Cargar o transmitir (o intentar cargar o transmitir), sin nuestro permiso expreso, cualquier material que act\u00fae como un mecanismo pasivo o activo de recopilaci\u00f3n o transmisi\u00f3n de informaci\u00f3n, incluidos, entre otros, errores web, cookies u otros dispositivos de software esp\u00eda similares;<\/p><p class=\"pl-32\"><strong>4.1.7.<\/strong> Participar en \u201cenmarcar\u201d, \u201cduplicar\u201d o simular de otro modo la apariencia o funci\u00f3n de los Servicios;<\/p><p class=\"pl-32\"><strong>4.1.8.<\/strong> Violar cualquier ley o reglamento aplicable, alentar o promover cualquier actividad ilegal, incluyendo, entre otras, la violaci\u00f3n de derechos de autor, violaci\u00f3n de marca registrada, difamaci\u00f3n, invasi\u00f3n de la privacidad, robo de identidad, pirater\u00eda, descifrado o distribuci\u00f3n de software falsificado;<\/p><p class=\"pl-32\"><strong>4.1.9.<\/strong> Realizar cualquier cambio y\/o interferir de cualquier manera en el c\u00f3digo fuente del Sitio Web y cargar cualquier software y\/o aplicaci\u00f3n que pueda da\u00f1ar o causar da\u00f1o al Sitio Web o a cualquier otro tercero;<\/p><p class=\"pl-32\"><strong>4.1.10.<\/strong> Desmontar, descompilar o realizar ingenier\u00eda inversa de cualquier software u otra tecnolog\u00eda incluida en el Sitio web o utilizada para proporcionar los Servicios.<\/p><p class=\"pl-32\"><strong>4.2.<\/strong> Usted reconoce que sin perjuicio de cualquier otro derecho que podamos tener, en caso de que estemos preocupados de que Su uso del Sitio Web no cumple con las disposiciones de estos T\u00e9rminos o cualquier ley aplicable, podemos rastrear Su uso del Sitio Web o de los Servicios, impedirle acceder al Sitio Web, transferir Sus patrones de comportamiento en el Sitio Web a terceros y cualquier otra acci\u00f3n que consideremos apropiada para proteger su propiedad y\/o derechos y\/o derechos de terceros.<\/p>\t\t\t\t\t\t\t\t<\/div>\n\t\t\t\t<div class=\"elementor-element elementor-element-981de9c elementor-widget elementor-widget-heading\" data-id=\"981de9c\" data-element_type=\"widget\" data-e-type=\"widget\" data-widget_type=\"heading.default\">\n\t\t\t\t\t<h2 class=\"elementor-heading-title elementor-size-default\">5. Derechos de propiedad intelectual<\/h2>\t\t\t\t<\/div>\n\t\t\t\t<div class=\"elementor-element elementor-element-ea735d1 elementor-widget elementor-widget-text-editor\" data-id=\"ea735d1\" data-element_type=\"widget\" data-e-type=\"widget\" data-widget_type=\"text-editor.default\">\n\t\t\t\t\t\t\t\t\t<p><strong>5.1.<\/strong> El Sitio Web y su contenido, incluidos los materiales de video, texto, fotograf\u00edas, logotipos, dise\u00f1os, m\u00fasica, sonido, figuras, marcas comerciales y cualquier otro contenido incorporado en el Sitio Web est\u00e1n protegidos por nuestros derechos de propiedad intelectual o los de terceros.<\/p><p><strong>5.2.<\/strong> Entre nosotros y el Usuario, conservamos todos los derechos, t\u00edtulos e intereses en y sobre el Sitio web y los Servicios. El uso del Sitio web y\/o los Servicios no confiere al Usuario ninguno de los derechos de propiedad intelectual incorporados en el Sitio web y\/o los Servicios, excepto el derecho a usar el Sitio web y\/o los Servicios de acuerdo con los t\u00e9rminos de estos T\u00e9rminos.<\/p><p><strong>5.3.<\/strong> El Usuario \u00fanicamente podr\u00e1 utilizar el Sitio Web y\/o los Servicios para uso personal y no comercial.<\/p><p><strong>5.4.<\/strong> No podr\u00e1, ni permitir\u00e1 que ninguna otra parte modifique, descompilar, desensamblar, realizar ingenier\u00eda inversa, copiar, transferir, crear trabajos derivados de, alquilar, sublicenciar, distribuir, reproducir enmarcado, republicar, raspar, descargar, mostrar, transmitir, publicar, arrendar o vender en cualquier forma o por cualquier medio, en su totalidad o en parte, usar para cualquier prop\u00f3sito que no sea el uso del Sitio web o los Servicios de conformidad con los T\u00e9rminos o explotar de otro modo cualquiera de los contenidos del Sitio web sin nuestro permiso expl\u00edcito previo por escrito.<\/p>\t\t\t\t\t\t\t\t<\/div>\n\t\t\t\t<div class=\"elementor-element elementor-element-298f029 elementor-widget elementor-widget-heading\" data-id=\"298f029\" data-element_type=\"widget\" data-e-type=\"widget\" data-widget_type=\"heading.default\">\n\t\t\t\t\t<h2 class=\"elementor-heading-title elementor-size-default\">6. Limitaci\u00f3n de responsabilidad<\/h2>\t\t\t\t<\/div>\n\t\t\t\t<div class=\"elementor-element elementor-element-eb74056 elementor-widget elementor-widget-text-editor\" data-id=\"eb74056\" data-element_type=\"widget\" data-e-type=\"widget\" data-widget_type=\"text-editor.default\">\n\t\t\t\t\t\t\t\t\t<p><strong>6.1.<\/strong> El uso que usted haga del Sitio web y\/o de los Servicios se realizar\u00e1 bajo su propio riesgo. En la medida m\u00e1xima permitida por la ley, renunciamos a cualquier garant\u00eda, expl\u00edcita o impl\u00edcita, en relaci\u00f3n con el Sitio web y los Servicios y su uso de los mismos, incluidas las garant\u00edas impl\u00edcitas de comerciabilidad, t\u00edtulo, idoneidad para un fin determinado o no infracci\u00f3n, utilidad, autoridad, precisi\u00f3n, integridad y puntualidad. En consecuencia, los Servicios, incluido todo el contenido y las funciones disponibles en el Sitio web o a los que se accede a trav\u00e9s del mismo o se env\u00edan desde el mismo, se proporcionan \u201ctal como est\u00e1n\u201d, \u201cseg\u00fan disponibilidad\u201d y \u201ccon todos los defectos\u201d.<\/p><p><strong>6.2.<\/strong> Sin perjuicio de la generalidad de lo anterior, no asumimos ninguna responsabilidad por cualquier <strong>(uno)<\/strong> errores, equivocaciones o inexactitudes de cualquier contenido incluido en el Sitio Web; <strong>(b)<\/strong> cualquier interrupci\u00f3n o cese de la transmisi\u00f3n hacia o desde el Sitio web o a trav\u00e9s de los Servicios; <strong>(do)<\/strong> cualquier error, virus, troyano o similar que pueda transmitirse hacia o a trav\u00e9s del Sitio web o los Servicios por cualquier tercero.<\/p><p><strong>6.3.<\/strong> Usted acepta eximirnos de toda responsabilidad por cualquier p\u00e9rdida causada, directa o indirectamente, a usted y\/o a cualquier otro tercero, con respecto al Sitio web y\/o los Servicios y usted ser\u00e1 el \u00fanico responsable de cualquiera de sus decisiones tomadas bas\u00e1ndose en el contenido del Sitio web y\/o los Servicios.<\/p><p><strong>6.4.<\/strong> En ning\u00fan caso seremos responsables ante Usted o cualquier tercero por da\u00f1os especiales, directos, indirectos, incidentales, especiales, punitivos o consecuentes de ning\u00fan tipo, incluyendo cualquier p\u00e9rdida de ganancias o p\u00e9rdida de datos que surja de Su uso del Sitio web y\/o los Servicios u otros materiales en, accedidos a trav\u00e9s o descargados del Sitio web o como parte de los Servicios, ya sea con base en garant\u00eda, contrato, agravio o cualquier otra teor\u00eda legal, y ya sea que se nos haya informado o no de la posibilidad de estos da\u00f1os y en los casos en que la autoridad judicial nos encuentre responsables, su responsabilidad no exceder\u00e1 los 100 USD. La limitaci\u00f3n de responsabilidad anterior se aplicar\u00e1 en la m\u00e1xima medida permitida por la ley en la jurisdicci\u00f3n aplicable.<\/p><p><strong>6.5.<\/strong> No nos hacemos responsables de ning\u00fan problema o mal funcionamiento t\u00e9cnico de l\u00edneas telef\u00f3nicas o de red, sistemas inform\u00e1ticos en l\u00ednea, servidores o proveedores, hardware, software, fallos debidos a problemas t\u00e9cnicos o congesti\u00f3n de tr\u00e1fico en Internet (o inaccesibilidad de Internet) o incompatibilidad entre el Sitio web o los Servicios y su navegador y\/u otro equipo. Sin perjuicio de la generalidad de lo anterior, no asumimos ninguna responsabilidad o riesgo por su uso de Internet.<\/p>\t\t\t\t\t\t\t\t<\/div>\n\t\t\t\t<div class=\"elementor-element elementor-element-cdcd3cf elementor-widget elementor-widget-heading\" data-id=\"cdcd3cf\" data-element_type=\"widget\" data-e-type=\"widget\" data-widget_type=\"heading.default\">\n\t\t\t\t\t<h2 class=\"elementor-heading-title elementor-size-default\">7. Servicios o contenidos de terceros<\/h2>\t\t\t\t<\/div>\n\t\t\t\t<div class=\"elementor-element elementor-element-1f741be elementor-widget elementor-widget-text-editor\" data-id=\"1f741be\" data-element_type=\"widget\" data-e-type=\"widget\" data-widget_type=\"text-editor.default\">\n\t\t\t\t\t\t\t\t\t<p><strong>7.1.<\/strong> Al utilizar los Servicios, es posible que vea contenido o servicios proporcionados por terceros, incluidos anuncios y rese\u00f1as sobre las Plataformas de terceros.<\/p><p><strong>7.2.<\/strong> No controlamos, respaldamos ni adoptamos dicho contenido o servicios, y es posible que no siempre sean precisos o actuales.<\/p><p><strong>7.3<\/strong>En consecuencia, le recomendamos que verifique de forma independiente toda la informaci\u00f3n antes de confiar en ella, y cualquier decisi\u00f3n o acci\u00f3n que se tome en base a dicha informaci\u00f3n es de su exclusiva responsabilidad.<\/p>\t\t\t\t\t\t\t\t<\/div>\n\t\t\t\t<div class=\"elementor-element elementor-element-804e7f5 elementor-widget elementor-widget-heading\" data-id=\"804e7f5\" data-element_type=\"widget\" data-e-type=\"widget\" data-widget_type=\"heading.default\">\n\t\t\t\t\t<h2 class=\"elementor-heading-title elementor-size-default\">8. Enlaces<\/h2>\t\t\t\t<\/div>\n\t\t\t\t<div class=\"elementor-element elementor-element-8d80902 elementor-widget elementor-widget-text-editor\" data-id=\"8d80902\" data-element_type=\"widget\" data-e-type=\"widget\" data-widget_type=\"text-editor.default\">\n\t\t\t\t\t\t\t\t\t<p><strong>8.1.<\/strong> El Sitio Web puede contener enlaces, contenido, anuncios, promociones, logotipos y otros materiales de otros sitios web o software que est\u00e9n controlados u ofrecidos por terceros (los \u201cEnlaces\u201d). Le advertimos que se asegure de comprender los riesgos que implica el uso de dichos sitios web, software o materiales antes de recuperar, usar, confiar o comprar cualquier cosa a trav\u00e9s de estos sitios web o software, o en funci\u00f3n de dichos materiales. Dichos Enlaces se proporcionan \u00fanicamente para su conveniencia, y usted acepta que bajo ninguna circunstancia nos har\u00e1 responsables de ninguna p\u00e9rdida o da\u00f1o causado por el uso o la confianza en cualquier contenido, producto o servicio disponible en otros sitios web o software.<\/p><p><strong>8.2.<\/strong> La inclusi\u00f3n de enlaces en el sitio web no constituye un respaldo, autorizaci\u00f3n, patrocinio, afiliaci\u00f3n o cualquier otra conexi\u00f3n entre nosotros y estos sitios web, software o sus operadores.<\/p><p><strong>8.3.<\/strong> No hemos revisado ninguno de dichos enlaces ni la totalidad de ellos y no somos responsables de ninguno de los contenidos de los sitios web o el software a los que se hace referencia en ellos. Le advertimos que se asegure de comprender los riesgos que implica el uso de dichos sitios web o software antes de recuperar, usar, confiar o comprar cualquier cosa a trav\u00e9s de estos sitios web o software. Bajo ninguna circunstancia nos responsabilizar\u00e1 por ninguna p\u00e9rdida o da\u00f1o causado por el uso o la confianza en cualquier contenido, producto o servicio disponible en otros sitios web.<\/p><p><strong>8.4.<\/strong> Es su responsabilidad revisar los t\u00e9rminos y las pol\u00edticas de dichos sitios web de terceros, y le recomendamos encarecidamente que los revise cuidadosamente antes de interactuar con dichos terceros.<\/p>\t\t\t\t\t\t\t\t<\/div>\n\t\t\t\t<div class=\"elementor-element elementor-element-85c18fb elementor-widget elementor-widget-heading\" data-id=\"85c18fb\" data-element_type=\"widget\" data-e-type=\"widget\" data-widget_type=\"heading.default\">\n\t\t\t\t\t<h2 class=\"elementor-heading-title elementor-size-default\">9. Varios<\/h2>\t\t\t\t<\/div>\n\t\t\t\t<div class=\"elementor-element elementor-element-cc764b3 elementor-widget elementor-widget-text-editor\" data-id=\"cc764b3\" data-element_type=\"widget\" data-e-type=\"widget\" data-widget_type=\"text-editor.default\">\n\t\t\t\t\t\t\t\t\t<p><strong>9.1.<\/strong> Podemos, a nuestra entera discreci\u00f3n, modificar o discontinuar, de vez en cuando, cualquiera de los Servicios y\/o introducir nuevos Servicios. No seremos responsables de ninguna p\u00e9rdida que Usted sufra como resultado de dichos cambios realizados y Usted no tendr\u00e1 derecho a presentar reclamos contra Nosotros al respecto.<\/p><p><strong>9.2.<\/strong> Podemos modificar estos T\u00e9rminos de vez en cuando. Cuando lo hagamos, le notificaremos mediante la publicaci\u00f3n de la versi\u00f3n m\u00e1s actualizada y la revisi\u00f3n de la fecha en la parte superior de esta p\u00e1gina, y cualquier modificaci\u00f3n entrar\u00e1 en vigencia inmediatamente despu\u00e9s de dicha publicaci\u00f3n. Si contin\u00faa utilizando el Sitio web despu\u00e9s de que los cambios entren en vigencia, se considerar\u00e1 que acepta los T\u00e9rminos revisados.<\/p><p><strong>9.3.<\/strong> El Usuario acepta que la transmisi\u00f3n de informaci\u00f3n hacia o desde el Sitio Web no crea entre \u00e9l o ella ninguna relaci\u00f3n que se aparte de las especificadas en estos T\u00e9rminos.<\/p><p><strong>9.4.<\/strong> Estos T\u00e9rminos y la Pol\u00edtica de Privacidad, seg\u00fan se modifiquen ocasionalmente, constituyen los \u00fanicos acuerdos v\u00e1lidos entre Nosotros y el Usuario, y ninguna representaci\u00f3n, promesa, consentimiento o compromiso, ya sea escrito u oral, que no est\u00e9 incluido en los T\u00e9rminos de la Pol\u00edtica de Privacidad ser\u00e1 vinculante para las partes.<\/p><p><strong>9.5.<\/strong> Ninguna falla o demora de Nuestra parte en ejercer cualquier derecho, poder o recurso aqu\u00ed establecido operar\u00e1 como una renuncia al mismo, ni ning\u00fan ejercicio \u00fanico o parcial de dicho derecho, poder o recurso impedir\u00e1 cualquier otro ejercicio posterior del mismo o el ejercicio de cualquier otro derecho, poder o recurso.<\/p><p><strong>9.6.<\/strong> Si un tribunal de jurisdicci\u00f3n competente considera que alguna disposici\u00f3n de estos T\u00e9rminos no se puede hacer cumplir seg\u00fan la ley aplicable, dicha disposici\u00f3n se excluir\u00e1 de estos T\u00e9rminos y el resto de estos T\u00e9rminos se interpretar\u00e1 como si dicha disposici\u00f3n estuviera excluida y ser\u00e1 aplicable de conformidad con sus t\u00e9rminos; siempre que, en tal caso, estos T\u00e9rminos se interpreten de manera que se d\u00e9 efecto, en la mayor medida compatible y permitida por la ley aplicable, al significado y la intenci\u00f3n de la disposici\u00f3n excluida seg\u00fan lo determine dicho tribunal de jurisdicci\u00f3n competente.<\/p><p><strong>9.7.<\/strong> Podemos transferir o ceder todos y cada uno de nuestros derechos y obligaciones en virtud del presente a cualquier tercero; sin perjuicio de lo anterior, el Sitio web y\/o cualquiera de los Servicios pueden ser operados por terceros. Usted no puede transferir, ceder ni pignorar de ninguna manera ninguno de sus derechos u obligaciones en virtud de estos T\u00e9rminos.<\/p>\t\t\t\t\t\t\t\t<\/div>\n\t\t\t\t<div class=\"elementor-element elementor-element-18dab9b elementor-widget elementor-widget-spacer\" data-id=\"18dab9b\" data-element_type=\"widget\" data-e-type=\"widget\" data-widget_type=\"spacer.default\">\n\t\t\t\t\t\t\t<div class=\"elementor-spacer\">\n\t\t\t<div class=\"elementor-spacer-inner\"><\/div>\n\t\t<\/div>\n\t\t\t\t\t\t<\/div>\n\t\t\t\t\t<\/div>\n\t\t\t\t<\/div>\n\t\t\t\t<\/div>","protected":false},"excerpt":{"rendered":"<p>Terms and Conditions 1. General 1.1. Welcome to\u00a0paragonix-earn.pro\u00a0(the &#8220;Website&#8221;).Our email support@paragonixearn.pro 1.2. The Website includes information about third-party platforms (the\u00a0&#8220;Third-Party Platforms&#8221;) for trading (the\u00a0&#8220;Services&#8221;). 1.3. These terms of use (the\u00a0&#8220;Terms&#8221;) govern your (&#8220;You&#8221;,\u00a0&#8220;Your&#8221;\u00a0or\u00a0&#8220;User&#8221;) use of the Website or the Services. These Terms should be read carefully by You in their entirety prior to Your use [&hellip;]<\/p>\n","protected":false},"author":1,"featured_media":0,"parent":0,"menu_order":0,"comment_status":"closed","ping_status":"closed","template":"elementor_header_footer","meta":{"footnotes":""},"class_list":["post-18","page","type-page","status-publish","hentry"],"_links":{"self":[{"href":"https:\/\/www.paragonix-earn.pro\/ar\/wp-json\/wp\/v2\/pages\/18","targetHints":{"allow":["GET"]}}],"collection":[{"href":"https:\/\/www.paragonix-earn.pro\/ar\/wp-json\/wp\/v2\/pages"}],"about":[{"href":"https:\/\/www.paragonix-earn.pro\/ar\/wp-json\/wp\/v2\/types\/page"}],"author":[{"embeddable":true,"href":"https:\/\/www.paragonix-earn.pro\/ar\/wp-json\/wp\/v2\/users\/1"}],"replies":[{"embeddable":true,"href":"https:\/\/www.paragonix-earn.pro\/ar\/wp-json\/wp\/v2\/comments?post=18"}],"version-history":[{"count":10,"href":"https:\/\/www.paragonix-earn.pro\/ar\/wp-json\/wp\/v2\/pages\/18\/revisions"}],"predecessor-version":[{"id":534,"href":"https:\/\/www.paragonix-earn.pro\/ar\/wp-json\/wp\/v2\/pages\/18\/revisions\/534"}],"wp:attachment":[{"href":"https:\/\/www.paragonix-earn.pro\/ar\/wp-json\/wp\/v2\/media?parent=18"}],"curies":[{"name":"wp","href":"https:\/\/api.w.org\/{rel}","templated":true}]}}